{"id":909,"date":"2020-09-25T06:05:32","date_gmt":"2020-09-25T03:05:32","guid":{"rendered":"https:\/\/smartments.psdev.lv\/about-us\/"},"modified":"2024-07-09T14:30:20","modified_gmt":"2024-07-09T11:30:20","slug":"uber-uns","status":"publish","type":"page","link":"https:\/\/living.youthments.com\/de\/uber-uns\/","title":{"rendered":"\u00dcber uns"},"content":{"rendered":"<p>YouthMents Living ist ein zweites Mietgeb\u00e4ude von Youthments GmbH. Das erste ist ein Studentenhotel YouthMents Student, das im Februar 2021 seine T\u00fcren \u00f6ffnete, aber seit April 2023 kann man auch bei YouthMents Living Wohnungen vermieten. YouthMents Living befindet sich in einem Vorkriegsgeb\u00e4ude, das 1910 erbaut wurde. Das Geb\u00e4ude wurde zun\u00e4chst im Jahr 2005 renoviert, als dort B\u00fcror\u00e4ume untergebracht wurden. Das Geb\u00e4ude wurde 2022 erneut renoviert und ist seit 2023 ein Mietshaus. Das Geb\u00e4ude ist besonders mit seinen sch\u00f6nen franz\u00f6sischen Fenstern und franz\u00f6sischen Balkonen im zweiten und dritten Stock. Die Wohnungen sind h\u00fcbsch gestaltet, um den Stil beizubehalten und ihn mit zeitgen\u00f6ssischem Flair zu mischen.<\/p>\n<p><img decoding=\"async\" loading=\"lazy\" class=\"alignnone size-full wp-image-4521\" src=\"https:\/\/living.youthments.com\/wp-content\/uploads\/2023\/04\/DSC_0636.jpg\" alt=\"\" width=\"1920\" height=\"1280\" srcset=\"https:\/\/living.youthments.com\/wp-content\/uploads\/2023\/04\/DSC_0636.jpg 1920w, https:\/\/living.youthments.com\/wp-content\/uploads\/2023\/04\/DSC_0636-300x200.jpg 300w, https:\/\/living.youthments.com\/wp-content\/uploads\/2023\/04\/DSC_0636-1024x683.jpg 1024w, https:\/\/living.youthments.com\/wp-content\/uploads\/2023\/04\/DSC_0636-768x512.jpg 768w, https:\/\/living.youthments.com\/wp-content\/uploads\/2023\/04\/DSC_0636-1536x1024.jpg 1536w, https:\/\/living.youthments.com\/wp-content\/uploads\/2023\/04\/DSC_0636-1500x1000.jpg 1500w\" sizes=\"(max-width: 1920px) 100vw, 1920px\" \/><\/p>\n<h2><span style=\"color: #333333;\">LAGE<\/span><\/h2>\n<p>YouthMents Living befindet sich im sogenannten Viertel Latgale. Das Viertel Latgale liegt s\u00fcd\u00f6stlich der Innenstadt im Bezirk Latgales priek\u0161pils\u0113ta am Ufer der D\u00fcna. Das Gebiet wird erstmals im 14. Jahrhundert unter dem Namen Last\u0101dija erw\u00e4hnt. Bis 2024 hie\u00df das Gebiet Maskavas for\u0161tate (Moskauer Vorstadt) und umgangssprachlich als Maska\u010dka, ein Name, der von der Stra\u00dfe abgeleitet ist, die Riga historisch mit Moskau verbindet. Architektonisch spiegelt das Viertel seine Geschichte als russisches, wei\u00dfrussisches und j\u00fcdisches Migrationsgebiet wider, insbesondere charakteristische Holzh\u00e4user.<\/p>\n<p>Das Viertel Latgale ist der Standort eines Clusters von Hochschuleinrichtungen. Dort befinden sich die Baltic International Academy, das Verkehrs- und Telekommunikationsinstitut, die ISMA-Universit\u00e4t, die Lettische Kulturakademie und die Fakult\u00e4t f\u00fcr Sozialwissenschaften der Lettischen Universit\u00e4t.<\/p>\n<p>Latgale Park sorgt f\u00fcr Gr\u00fcn und frische Luft in der Umgebung. Es ist ein wundersch\u00f6ner Park zwischen den Stra\u00dfen Latgales und Balvu, nur 300 m von YouthMents Living entfernt. Er ist 6.2 ha gro\u00df und besteht haupts\u00e4chlich aus holl\u00e4ndischen Linden. Sie bilden breite Alleen und Baumreihen. Aber man kann dort mehr als 40 andere B\u00e4ume und Pflanzen finden. Es ist ein gro\u00dfartiger Park, um sich zu entspannen, Sport zu treiben und spazieren zu gehen.<\/p>\n<h2><span style=\"color: #333333;\">WER SIND WIR<\/span><\/h2>\n<p><span style=\"color: #333333;\">YouthMents Wohnungen wurde speziell f\u00fcr Studenten und andere Personen entwickelt, die einen Monat oder l\u00e4nger in Riga aufhalten. Es gibt 90 Wohnungen bei YouthMents Student und 39 Wohnungen bei YouthMents Living, die f\u00fcr 1 und 2 Personen geeignet sind. YouthMents Student ist perfekt, wenn du in einer lebendigen und aktiven Gemeinschaft leben m\u00f6chtest, aber YouthMents Living ist perfekt, wenn du einen privateren und ungest\u00f6rten Alltag bevorzugst. Beide Geb\u00e4ude haben eine Selbstbedienungs-Waschk\u00fcche, Fahrradkeller, Parkplatz, Au\u00dfenbereich sowie schnelles Wi-Fi, \u00dcberwachungskameras und gesicherten Eingang. YouthMents Student hat auch einen Fitnessraum und einen Gemeinschaftsraum f\u00fcr einen aktiveren und geselligeren Alltag. Erlebe hochwertiges Wohnen und entscheide dich f\u00fcr YouthMents!<\/span><\/p>\n<h3><span style=\"color: #333333;\">Unsere Werte:<\/span><\/h3>\n<ul>\n<li><span style=\"color: #333333;\"><strong>Offenheit<\/strong> &#8211; wir sind tolerant, inklusiv und wir m\u00f6gen Vielfalt.<\/span><\/li>\n<li><span style=\"color: #333333;\"><strong>Studentengeist<\/strong> &#8211; wir sind immer jung, aktiv und lustig.<\/span><\/li>\n<li><span style=\"color: #333333;\"><strong>Begeisterung<\/strong> &#8211; wir arbeiten und leben mit Freude, Leidenschaft und Interesse.<\/span><\/li>\n<li><span style=\"color: #333333;\"><strong>Neugier<\/strong> &#8211; wir glauben an ein lebenslanges Lernen.<\/span><\/li>\n<li><span style=\"color: #333333;\"><strong>Nachhaltigkeit<\/strong> &#8211; Wir stehen f\u00fcr umweltfreundliches Leben und Gesch\u00e4ft.<\/span><\/li>\n<li><span style=\"color: #333333;\"><strong>Bewusstsein<\/strong> &#8211; nur wenn wir anderen Gutes tun, k\u00f6nnen wir uns positiv auf alle auswirken.<\/span><\/li>\n<\/ul>\n","protected":false},"excerpt":{"rendered":"<p>YouthMents Living ist ein zweites Mietgeb\u00e4ude von Youthments GmbH. Das erste ist ein Studentenhotel YouthMents Student, das im Februar 2021 seine T\u00fcren \u00f6ffnete, aber seit April 2023 kann man auch bei YouthMents Living Wohnungen vermieten. YouthMents Living befindet sich in einem Vorkriegsgeb\u00e4ude, das 1910 erbaut wurde. Das Geb\u00e4ude wurde zun\u00e4chst im Jahr 2005 renoviert, als&#8230;<\/p>\n","protected":false},"author":1,"featured_media":4521,"parent":0,"menu_order":0,"comment_status":"closed","ping_status":"closed","template":"about.php","meta":{"inline_featured_image":false},"acf":[],"yoast_head":"<!-- This site is optimized with the Yoast SEO plugin v21.8.1 - https:\/\/yoast.com\/wordpress\/plugins\/seo\/ -->\n<title>Studentenwohnheim Riga | \u00dcber uns - YouthMents<\/title>\n<meta name=\"description\" content=\"Studentenwohnheim YouthMents in Riga ist ein vollst\u00e4ndig renoviertes Apartmentgeb\u00e4ude die bringt aufgeschlossene und junge Menschen zusammen.\" \/>\n<meta name=\"robots\" content=\"index, follow, max-snippet:-1, max-image-preview:large, max-video-preview:-1\" \/>\n<link rel=\"canonical\" href=\"https:\/\/living.youthments.com\/de\/uber-uns\/\" \/>\n<meta property=\"og:locale\" content=\"de_DE\" \/>\n<meta property=\"og:type\" content=\"article\" \/>\n<meta property=\"og:title\" content=\"Studentenwohnheim Riga | \u00dcber uns - YouthMents\" \/>\n<meta property=\"og:description\" content=\"Studentenwohnheim YouthMents in Riga ist ein vollst\u00e4ndig renoviertes Apartmentgeb\u00e4ude die bringt aufgeschlossene und junge Menschen zusammen.\" \/>\n<meta property=\"og:url\" content=\"https:\/\/living.youthments.com\/de\/uber-uns\/\" \/>\n<meta property=\"og:site_name\" content=\"youthments.com\" \/>\n<meta property=\"article:publisher\" content=\"https:\/\/www.facebook.com\/SMARTmentsRiga\/\" \/>\n<meta property=\"article:modified_time\" content=\"2024-07-09T11:30:20+00:00\" \/>\n<meta property=\"og:image\" content=\"https:\/\/living.youthments.com\/wp-content\/uploads\/2023\/04\/DSC_0636.jpg\" \/>\n\t<meta property=\"og:image:width\" content=\"1920\" \/>\n\t<meta property=\"og:image:height\" content=\"1280\" \/>\n\t<meta property=\"og:image:type\" content=\"image\/jpeg\" \/>\n<meta name=\"twitter:card\" content=\"summary_large_image\" \/>\n<meta name=\"twitter:label1\" content=\"Gesch\u00e4tzte Lesezeit\" \/>\n\t<meta name=\"twitter:data1\" content=\"3\u00a0Minuten\" \/>\n<script type=\"application\/ld+json\" class=\"yoast-schema-graph\">{\"@context\":\"https:\/\/schema.org\",\"@graph\":[{\"@type\":\"WebPage\",\"@id\":\"https:\/\/living.youthments.com\/de\/uber-uns\/\",\"url\":\"https:\/\/living.youthments.com\/de\/uber-uns\/\",\"name\":\"Studentenwohnheim Riga | \u00dcber uns - YouthMents\",\"isPartOf\":{\"@id\":\"https:\/\/living.youthments.com\/de\/#website\"},\"datePublished\":\"2020-09-25T03:05:32+00:00\",\"dateModified\":\"2024-07-09T11:30:20+00:00\",\"description\":\"Studentenwohnheim YouthMents in Riga ist ein vollst\u00e4ndig renoviertes Apartmentgeb\u00e4ude die bringt aufgeschlossene und junge Menschen zusammen.\",\"breadcrumb\":{\"@id\":\"https:\/\/living.youthments.com\/de\/uber-uns\/#breadcrumb\"},\"inLanguage\":\"de\",\"potentialAction\":[{\"@type\":\"ReadAction\",\"target\":[\"https:\/\/living.youthments.com\/de\/uber-uns\/\"]}]},{\"@type\":\"BreadcrumbList\",\"@id\":\"https:\/\/living.youthments.com\/de\/uber-uns\/#breadcrumb\",\"itemListElement\":[{\"@type\":\"ListItem\",\"position\":1,\"name\":\"Home\",\"item\":\"https:\/\/living.youthments.com\/de\/\"},{\"@type\":\"ListItem\",\"position\":2,\"name\":\"\u00dcber uns\"}]},{\"@type\":\"WebSite\",\"@id\":\"https:\/\/living.youthments.com\/de\/#website\",\"url\":\"https:\/\/living.youthments.com\/de\/\",\"name\":\"youthments.com\",\"description\":\"Student Hotel in Riga\",\"publisher\":{\"@id\":\"https:\/\/living.youthments.com\/de\/#organization\"},\"potentialAction\":[{\"@type\":\"SearchAction\",\"target\":{\"@type\":\"EntryPoint\",\"urlTemplate\":\"https:\/\/living.youthments.com\/de\/?s={search_term_string}\"},\"query-input\":\"required name=search_term_string\"}],\"inLanguage\":\"de\"},{\"@type\":\"Organization\",\"@id\":\"https:\/\/living.youthments.com\/de\/#organization\",\"name\":\"SMARTments\",\"url\":\"https:\/\/living.youthments.com\/de\/\",\"logo\":{\"@type\":\"ImageObject\",\"inLanguage\":\"de\",\"@id\":\"https:\/\/living.youthments.com\/de\/#\/schema\/logo\/image\/\",\"url\":\"https:\/\/living.youthments.com\/wp-content\/uploads\/2020\/12\/smartments-logo-en-1.png\",\"contentUrl\":\"https:\/\/living.youthments.com\/wp-content\/uploads\/2020\/12\/smartments-logo-en-1.png\",\"width\":1068,\"height\":194,\"caption\":\"SMARTments\"},\"image\":{\"@id\":\"https:\/\/living.youthments.com\/de\/#\/schema\/logo\/image\/\"},\"sameAs\":[\"https:\/\/www.facebook.com\/SMARTmentsRiga\/\",\"https:\/\/www.instagram.com\/smartments.riga\/\"]}]}<\/script>\n<!-- \/ Yoast SEO plugin. -->","yoast_head_json":{"title":"Studentenwohnheim Riga | \u00dcber uns - YouthMents","description":"Studentenwohnheim YouthMents in Riga ist ein vollst\u00e4ndig renoviertes Apartmentgeb\u00e4ude die bringt aufgeschlossene und junge Menschen zusammen.","robots":{"index":"index","follow":"follow","max-snippet":"max-snippet:-1","max-image-preview":"max-image-preview:large","max-video-preview":"max-video-preview:-1"},"canonical":"https:\/\/living.youthments.com\/de\/uber-uns\/","og_locale":"de_DE","og_type":"article","og_title":"Studentenwohnheim Riga | \u00dcber uns - YouthMents","og_description":"Studentenwohnheim YouthMents in Riga ist ein vollst\u00e4ndig renoviertes Apartmentgeb\u00e4ude die bringt aufgeschlossene und junge Menschen zusammen.","og_url":"https:\/\/living.youthments.com\/de\/uber-uns\/","og_site_name":"youthments.com","article_publisher":"https:\/\/www.facebook.com\/SMARTmentsRiga\/","article_modified_time":"2024-07-09T11:30:20+00:00","og_image":[{"width":1920,"height":1280,"url":"https:\/\/living.youthments.com\/wp-content\/uploads\/2023\/04\/DSC_0636.jpg","type":"image\/jpeg"}],"twitter_card":"summary_large_image","twitter_misc":{"Gesch\u00e4tzte Lesezeit":"3\u00a0Minuten"},"schema":{"@context":"https:\/\/schema.org","@graph":[{"@type":"WebPage","@id":"https:\/\/living.youthments.com\/de\/uber-uns\/","url":"https:\/\/living.youthments.com\/de\/uber-uns\/","name":"Studentenwohnheim Riga | \u00dcber uns - YouthMents","isPartOf":{"@id":"https:\/\/living.youthments.com\/de\/#website"},"datePublished":"2020-09-25T03:05:32+00:00","dateModified":"2024-07-09T11:30:20+00:00","description":"Studentenwohnheim YouthMents in Riga ist ein vollst\u00e4ndig renoviertes Apartmentgeb\u00e4ude die bringt aufgeschlossene und junge Menschen zusammen.","breadcrumb":{"@id":"https:\/\/living.youthments.com\/de\/uber-uns\/#breadcrumb"},"inLanguage":"de","potentialAction":[{"@type":"ReadAction","target":["https:\/\/living.youthments.com\/de\/uber-uns\/"]}]},{"@type":"BreadcrumbList","@id":"https:\/\/living.youthments.com\/de\/uber-uns\/#breadcrumb","itemListElement":[{"@type":"ListItem","position":1,"name":"Home","item":"https:\/\/living.youthments.com\/de\/"},{"@type":"ListItem","position":2,"name":"\u00dcber uns"}]},{"@type":"WebSite","@id":"https:\/\/living.youthments.com\/de\/#website","url":"https:\/\/living.youthments.com\/de\/","name":"youthments.com","description":"Student Hotel in Riga","publisher":{"@id":"https:\/\/living.youthments.com\/de\/#organization"},"potentialAction":[{"@type":"SearchAction","target":{"@type":"EntryPoint","urlTemplate":"https:\/\/living.youthments.com\/de\/?s={search_term_string}"},"query-input":"required name=search_term_string"}],"inLanguage":"de"},{"@type":"Organization","@id":"https:\/\/living.youthments.com\/de\/#organization","name":"SMARTments","url":"https:\/\/living.youthments.com\/de\/","logo":{"@type":"ImageObject","inLanguage":"de","@id":"https:\/\/living.youthments.com\/de\/#\/schema\/logo\/image\/","url":"https:\/\/living.youthments.com\/wp-content\/uploads\/2020\/12\/smartments-logo-en-1.png","contentUrl":"https:\/\/living.youthments.com\/wp-content\/uploads\/2020\/12\/smartments-logo-en-1.png","width":1068,"height":194,"caption":"SMARTments"},"image":{"@id":"https:\/\/living.youthments.com\/de\/#\/schema\/logo\/image\/"},"sameAs":["https:\/\/www.facebook.com\/SMARTmentsRiga\/","https:\/\/www.instagram.com\/smartments.riga\/"]}]}},"_links":{"self":[{"href":"https:\/\/living.youthments.com\/de\/wp-json\/wp\/v2\/pages\/909"}],"collection":[{"href":"https:\/\/living.youthments.com\/de\/wp-json\/wp\/v2\/pages"}],"about":[{"href":"https:\/\/living.youthments.com\/de\/wp-json\/wp\/v2\/types\/page"}],"author":[{"embeddable":true,"href":"https:\/\/living.youthments.com\/de\/wp-json\/wp\/v2\/users\/1"}],"replies":[{"embeddable":true,"href":"https:\/\/living.youthments.com\/de\/wp-json\/wp\/v2\/comments?post=909"}],"version-history":[{"count":17,"href":"https:\/\/living.youthments.com\/de\/wp-json\/wp\/v2\/pages\/909\/revisions"}],"predecessor-version":[{"id":5648,"href":"https:\/\/living.youthments.com\/de\/wp-json\/wp\/v2\/pages\/909\/revisions\/5648"}],"wp:featuredmedia":[{"embeddable":true,"href":"https:\/\/living.youthments.com\/de\/wp-json\/wp\/v2\/media\/4521"}],"wp:attachment":[{"href":"https:\/\/living.youthments.com\/de\/wp-json\/wp\/v2\/media?parent=909"}],"curies":[{"name":"wp","href":"https:\/\/api.w.org\/{rel}","templated":true}]}}