{"id":915,"date":"2020-09-25T03:06:48","date_gmt":"2020-09-25T00:06:48","guid":{"rendered":"https:\/\/smartments.psdev.lv\/contacts\/"},"modified":"2024-07-09T14:10:21","modified_gmt":"2024-07-09T11:10:21","slug":"youthments-kontakte","status":"publish","type":"page","link":"https:\/\/living.youthments.com\/de\/youthments-kontakte\/","title":{"rendered":"Kontakte"},"content":{"rendered":"<h2>Wie man uns findet<\/h2>\n<p><strong>Mit der Stra\u00dfenbahn<\/strong><\/p>\n<p>Die Stra\u00dfenbahn bringt dich schnell vom Stadtzentrum zu YouthMents Living. Die Stra\u00dfenbahnhaltestelle befindet sich 160 m vom YouthMents Living entfernt. Nimm die Stra\u00dfenbahn Nr. 7 (Richtung \u0136engarags) von der Nationaloper (Nacion\u0101l\u0101 Opera) oder vom Zentralmarkt (Centr\u0101ltirgus) bis Latgales parks. Wenn du von YouthMents Living ins Stadtzentrum willst, nimm die Stra\u00dfenbahn Nr. 7 (Richtung Ausek\u013ca iela) von Latgales parks zum Zentralmarkt (Centr\u0101ltirgus) oder zur Nationaloper (Nacion\u0101l\u0101 Opera). Die Fahrt dauert 9 \u2013 12 Minuten.<\/p>\n<p><strong>Mit dem Trolleybus<\/strong><\/p>\n<p>Eine Trolleybuslinie bringt dich schnell vom Stadtzentrum zu YouthMents Living. Nimm die Trolleybus Nr. 15 (Richtung \u0136engarags) von der Lettischen Universit\u00e4t (Latvijas Universit\u0101te) oder dem Zentralmarkt (Centr\u0101ltirgus) bis Lomonosova iela. Die Trolleybushaltestelle \u201eLomonosova iela\u201c befindet sich 400 m vom YouthMents Living entfernt. Wenn du von YouthMents Living ins Stadtzentrum willst, nimm den Trolleybus Nr. 15 (Richtung Latvijas Universit\u0101te) von der Lauvas iela zum Hauptbahnhof (Centr\u0101l\u0101 Stacija) oder zur Lettischen Universit\u00e4t (Latvijas Universit\u0101te). Die Troleybushaltestelle \u201eLauvas iela\u201c befindet sich 230 m vom YouthMents Living entfernt. Die Fahrt dauert 10 \u2013 15 Minuten.<\/p>\n<p><strong>Mit dem Zug<\/strong><\/p>\n<p>Die Bahnhaltestelle \u201eVagonu Parks\u201c befindet sich 1 km von YouthMents Living entfernt. Dies ist nicht der bequemste Weg, um ins Stadtzentrum zu gelangen, aber es ist definitiv bequem genug, wenn du lettische St\u00e4dte wie Ogre, Lielv\u0101rde, Aizkraukle, Koknese besuchen m\u00f6chtest.<\/p>\n<h2>Umgebung<\/h2>\n<p><strong>Universit\u00e4ten &amp; Fakult\u00e4ten:<\/strong> ISMA-Universit\u00e4t &#8211; 160 m, Baltische Internationale Akademie \u2013 350 m, Verkehrs- und Telekommunikationsinstitut \u2013 450 m, UL Fakult\u00e4t f\u00fcr Sozialwissenschaften \u2013 500 m, Die Lettische Kulturakademie \u2013 1.2 km, Lettische Akademie der Wissenschaften \u2013 2.5 km, Rigaer Bauhochschule \u2013 2.7 km, Lettische Musikakademie \u2013 3.2 km, Universit\u00e4t Lettlands (Hauptgeb\u00e4ude)\u2013 3.4 km, Die Kunstakademie Lettlands \u2013 3.9 km, TUR \u0136\u012bpsala Campus &amp; Fakult\u00e4ten \u2013 5.7 km.<\/p>\n<p><strong>Parks:<\/strong> Latgale Park \u2013 300 m, Erev\u0101nas Park \u2013 550 m, Kojusala Park \u2013 600 m, Miera d\u0101rzs \u2013 1.9 km.<\/p>\n<p><strong>Gesch\u00e4fte &amp; Restaurants:\u00a0<\/strong>Gesch\u00e4ft\u00a0\u201eRimi\u201c \u2013 210 m, Gesch\u00e4ft\u00a0 \u201cMaxima\u201d \u2013 1 km, Kebab \u201cBefrites\u201d &#8211; 350 m, Erholungszentrum und Restaurant \u201cLIDO\u201d \u2013 1.6 km, Hesburger \u2013 1.3 km, McDonald\u2019s \u2013 2.6 km, \u00a0Einkaufszentrum \u201cMols\u201d \u2013 1 km, \u00a0Einkaufszentrum\u201cAkropole\u201d \u2013 2.1 km.<\/p>\n<p><strong>Other: <\/strong>Apotheke \u201cBENU\u201d \u2013 350 m, \u201cJump Space\u201d \u2013 700 m, Kletterhalle \u201cTraverss\u201d \u2013 350 m, B\u00fcrogeb\u00e4ude \u201cKrasta Biroji\u201d \u2013 600 m, Haushaltsladen \u201cDepo\u201d \u2013 1.4 km.<\/p>\n<p>&nbsp;<\/p>\n<p>&nbsp;<\/p>\n","protected":false},"excerpt":{"rendered":"<p>Wie man uns findet Mit der Stra\u00dfenbahn Die Stra\u00dfenbahn bringt dich schnell vom Stadtzentrum zu YouthMents Living. Die Stra\u00dfenbahnhaltestelle befindet sich 160 m vom YouthMents Living entfernt. Nimm die Stra\u00dfenbahn Nr. 7 (Richtung \u0136engarags) von der Nationaloper (Nacion\u0101l\u0101 Opera) oder vom Zentralmarkt (Centr\u0101ltirgus) bis Latgales parks. Wenn du von YouthMents Living ins Stadtzentrum willst, nimm&#8230;<\/p>\n","protected":false},"author":1,"featured_media":0,"parent":0,"menu_order":0,"comment_status":"closed","ping_status":"closed","template":"contacts.php","meta":{"inline_featured_image":false},"acf":[],"yoast_head":"<!-- This site is optimized with the Yoast SEO plugin v21.8.1 - https:\/\/yoast.com\/wordpress\/plugins\/seo\/ -->\n<title>YouthMents Kontakte | Wohnungen zur Miete in Riga<\/title>\n<meta name=\"description\" content=\"YouthMents Kontakte: Telefon +371 23444432, Email info@youthments.com. Besuchen Sie unsere Website und reservieren Sie ihren Platz bei uns!\" \/>\n<meta name=\"robots\" content=\"index, follow, max-snippet:-1, max-image-preview:large, max-video-preview:-1\" \/>\n<link rel=\"canonical\" href=\"https:\/\/living.youthments.com\/de\/youthments-kontakte\/\" \/>\n<meta property=\"og:locale\" content=\"de_DE\" \/>\n<meta property=\"og:type\" content=\"article\" \/>\n<meta property=\"og:title\" content=\"YouthMents Kontakte | Wohnungen zur Miete in Riga\" \/>\n<meta property=\"og:description\" content=\"YouthMents Kontakte: Telefon +371 23444432, Email info@youthments.com. Besuchen Sie unsere Website und reservieren Sie ihren Platz bei uns!\" \/>\n<meta property=\"og:url\" content=\"https:\/\/living.youthments.com\/de\/youthments-kontakte\/\" \/>\n<meta property=\"og:site_name\" content=\"youthments.com\" \/>\n<meta property=\"article:publisher\" content=\"https:\/\/www.facebook.com\/SMARTmentsRiga\/\" \/>\n<meta property=\"article:modified_time\" content=\"2024-07-09T11:10:21+00:00\" \/>\n<meta name=\"twitter:card\" content=\"summary_large_image\" \/>\n<meta name=\"twitter:label1\" content=\"Gesch\u00e4tzte Lesezeit\" \/>\n\t<meta name=\"twitter:data1\" content=\"2\u00a0Minuten\" \/>\n<script type=\"application\/ld+json\" class=\"yoast-schema-graph\">{\"@context\":\"https:\/\/schema.org\",\"@graph\":[{\"@type\":\"WebPage\",\"@id\":\"https:\/\/living.youthments.com\/de\/youthments-kontakte\/\",\"url\":\"https:\/\/living.youthments.com\/de\/youthments-kontakte\/\",\"name\":\"YouthMents Kontakte | Wohnungen zur Miete in Riga\",\"isPartOf\":{\"@id\":\"https:\/\/living.youthments.com\/de\/#website\"},\"datePublished\":\"2020-09-25T00:06:48+00:00\",\"dateModified\":\"2024-07-09T11:10:21+00:00\",\"description\":\"YouthMents Kontakte: Telefon +371 23444432, Email info@youthments.com. Besuchen Sie unsere Website und reservieren Sie ihren Platz bei uns!\",\"breadcrumb\":{\"@id\":\"https:\/\/living.youthments.com\/de\/youthments-kontakte\/#breadcrumb\"},\"inLanguage\":\"de\",\"potentialAction\":[{\"@type\":\"ReadAction\",\"target\":[\"https:\/\/living.youthments.com\/de\/youthments-kontakte\/\"]}]},{\"@type\":\"BreadcrumbList\",\"@id\":\"https:\/\/living.youthments.com\/de\/youthments-kontakte\/#breadcrumb\",\"itemListElement\":[{\"@type\":\"ListItem\",\"position\":1,\"name\":\"Home\",\"item\":\"https:\/\/living.youthments.com\/de\/\"},{\"@type\":\"ListItem\",\"position\":2,\"name\":\"Kontakte\"}]},{\"@type\":\"WebSite\",\"@id\":\"https:\/\/living.youthments.com\/de\/#website\",\"url\":\"https:\/\/living.youthments.com\/de\/\",\"name\":\"youthments.com\",\"description\":\"Student Hotel in Riga\",\"publisher\":{\"@id\":\"https:\/\/living.youthments.com\/de\/#organization\"},\"potentialAction\":[{\"@type\":\"SearchAction\",\"target\":{\"@type\":\"EntryPoint\",\"urlTemplate\":\"https:\/\/living.youthments.com\/de\/?s={search_term_string}\"},\"query-input\":\"required name=search_term_string\"}],\"inLanguage\":\"de\"},{\"@type\":\"Organization\",\"@id\":\"https:\/\/living.youthments.com\/de\/#organization\",\"name\":\"SMARTments\",\"url\":\"https:\/\/living.youthments.com\/de\/\",\"logo\":{\"@type\":\"ImageObject\",\"inLanguage\":\"de\",\"@id\":\"https:\/\/living.youthments.com\/de\/#\/schema\/logo\/image\/\",\"url\":\"https:\/\/living.youthments.com\/wp-content\/uploads\/2020\/12\/smartments-logo-en-1.png\",\"contentUrl\":\"https:\/\/living.youthments.com\/wp-content\/uploads\/2020\/12\/smartments-logo-en-1.png\",\"width\":1068,\"height\":194,\"caption\":\"SMARTments\"},\"image\":{\"@id\":\"https:\/\/living.youthments.com\/de\/#\/schema\/logo\/image\/\"},\"sameAs\":[\"https:\/\/www.facebook.com\/SMARTmentsRiga\/\",\"https:\/\/www.instagram.com\/smartments.riga\/\"]}]}<\/script>\n<!-- \/ Yoast SEO plugin. -->","yoast_head_json":{"title":"YouthMents Kontakte | Wohnungen zur Miete in Riga","description":"YouthMents Kontakte: Telefon +371 23444432, Email info@youthments.com. Besuchen Sie unsere Website und reservieren Sie ihren Platz bei uns!","robots":{"index":"index","follow":"follow","max-snippet":"max-snippet:-1","max-image-preview":"max-image-preview:large","max-video-preview":"max-video-preview:-1"},"canonical":"https:\/\/living.youthments.com\/de\/youthments-kontakte\/","og_locale":"de_DE","og_type":"article","og_title":"YouthMents Kontakte | Wohnungen zur Miete in Riga","og_description":"YouthMents Kontakte: Telefon +371 23444432, Email info@youthments.com. Besuchen Sie unsere Website und reservieren Sie ihren Platz bei uns!","og_url":"https:\/\/living.youthments.com\/de\/youthments-kontakte\/","og_site_name":"youthments.com","article_publisher":"https:\/\/www.facebook.com\/SMARTmentsRiga\/","article_modified_time":"2024-07-09T11:10:21+00:00","twitter_card":"summary_large_image","twitter_misc":{"Gesch\u00e4tzte Lesezeit":"2\u00a0Minuten"},"schema":{"@context":"https:\/\/schema.org","@graph":[{"@type":"WebPage","@id":"https:\/\/living.youthments.com\/de\/youthments-kontakte\/","url":"https:\/\/living.youthments.com\/de\/youthments-kontakte\/","name":"YouthMents Kontakte | Wohnungen zur Miete in Riga","isPartOf":{"@id":"https:\/\/living.youthments.com\/de\/#website"},"datePublished":"2020-09-25T00:06:48+00:00","dateModified":"2024-07-09T11:10:21+00:00","description":"YouthMents Kontakte: Telefon +371 23444432, Email info@youthments.com. Besuchen Sie unsere Website und reservieren Sie ihren Platz bei uns!","breadcrumb":{"@id":"https:\/\/living.youthments.com\/de\/youthments-kontakte\/#breadcrumb"},"inLanguage":"de","potentialAction":[{"@type":"ReadAction","target":["https:\/\/living.youthments.com\/de\/youthments-kontakte\/"]}]},{"@type":"BreadcrumbList","@id":"https:\/\/living.youthments.com\/de\/youthments-kontakte\/#breadcrumb","itemListElement":[{"@type":"ListItem","position":1,"name":"Home","item":"https:\/\/living.youthments.com\/de\/"},{"@type":"ListItem","position":2,"name":"Kontakte"}]},{"@type":"WebSite","@id":"https:\/\/living.youthments.com\/de\/#website","url":"https:\/\/living.youthments.com\/de\/","name":"youthments.com","description":"Student Hotel in Riga","publisher":{"@id":"https:\/\/living.youthments.com\/de\/#organization"},"potentialAction":[{"@type":"SearchAction","target":{"@type":"EntryPoint","urlTemplate":"https:\/\/living.youthments.com\/de\/?s={search_term_string}"},"query-input":"required name=search_term_string"}],"inLanguage":"de"},{"@type":"Organization","@id":"https:\/\/living.youthments.com\/de\/#organization","name":"SMARTments","url":"https:\/\/living.youthments.com\/de\/","logo":{"@type":"ImageObject","inLanguage":"de","@id":"https:\/\/living.youthments.com\/de\/#\/schema\/logo\/image\/","url":"https:\/\/living.youthments.com\/wp-content\/uploads\/2020\/12\/smartments-logo-en-1.png","contentUrl":"https:\/\/living.youthments.com\/wp-content\/uploads\/2020\/12\/smartments-logo-en-1.png","width":1068,"height":194,"caption":"SMARTments"},"image":{"@id":"https:\/\/living.youthments.com\/de\/#\/schema\/logo\/image\/"},"sameAs":["https:\/\/www.facebook.com\/SMARTmentsRiga\/","https:\/\/www.instagram.com\/smartments.riga\/"]}]}},"_links":{"self":[{"href":"https:\/\/living.youthments.com\/de\/wp-json\/wp\/v2\/pages\/915"}],"collection":[{"href":"https:\/\/living.youthments.com\/de\/wp-json\/wp\/v2\/pages"}],"about":[{"href":"https:\/\/living.youthments.com\/de\/wp-json\/wp\/v2\/types\/page"}],"author":[{"embeddable":true,"href":"https:\/\/living.youthments.com\/de\/wp-json\/wp\/v2\/users\/1"}],"replies":[{"embeddable":true,"href":"https:\/\/living.youthments.com\/de\/wp-json\/wp\/v2\/comments?post=915"}],"version-history":[{"count":18,"href":"https:\/\/living.youthments.com\/de\/wp-json\/wp\/v2\/pages\/915\/revisions"}],"predecessor-version":[{"id":5642,"href":"https:\/\/living.youthments.com\/de\/wp-json\/wp\/v2\/pages\/915\/revisions\/5642"}],"wp:attachment":[{"href":"https:\/\/living.youthments.com\/de\/wp-json\/wp\/v2\/media?parent=915"}],"curies":[{"name":"wp","href":"https:\/\/api.w.org\/{rel}","templated":true}]}}