{"id":918,"date":"2020-09-25T05:38:15","date_gmt":"2020-09-25T02:38:15","guid":{"rendered":"https:\/\/smartments.psdev.lv\/cookies\/"},"modified":"2023-04-13T13:27:58","modified_gmt":"2023-04-13T10:27:58","slug":"youthments-cookies","status":"publish","type":"page","link":"https:\/\/living.youthments.com\/de\/youthments-cookies\/","title":{"rendered":"Cookies"},"content":{"rendered":"<h2>Verwendung von Cookies<\/h2>\n<p>Bitte beachten Sie, dass diese YouthMents Riga Website Cookies verwendet. Lesen Sie mehr \u00fcber die auf YouthMents Riga Website verwendeten Cookies weiter unten. Die Website des Unternehmens kann Links zu anderen Websites enthalten, die unterschiedliche Nutzungsbedingungen und Datenschutzbestimmungen haben, f\u00fcr welche das Unternehmen nicht verantwortlich ist.<\/p>\n<h2>Was sind Cookies?<\/h2>\n<p>Cookies sind kleine Textdateien, die ein Webbrowser (z. B. Internet Explorer, Firefox, Google Chrome usw.) zum Zeitpunkt des Besuchs einer Website auf dem Ger\u00e4t eines Benutzers (Computer, Mobiltelefon, Tablet) speichert, um den Browser oder die vom Browser gespeicherten Informationen oder Einstellungen zu identifizieren. Mithilfe von Cookies kann eine Website die individuellen Einstellungen eines Benutzers speichern, erkennen und angemessen reagieren, um das Nutzungserlebnis der Website zu verbessern. Ein Benutzer kann die Verwendung von Cookies deaktivieren oder einschr\u00e4nken. Ohne Cookies ist die Nutzung einer Website mit all ihren Funktionen m\u00f6glicherweise nicht verf\u00fcgbar.<\/p>\n<h2>Welche Cookies verwenden wir?<\/h2>\n<p>Abh\u00e4ngig von den zu verwendenden Funktionen und dem Verwendungszweck kann eine Website die absolut n\u00f6tigen Cookies, Funktionscookies, Analyse-Cookies oder Cookies f\u00fcr Marketing-\/Retargetingzwecke implementieren.<\/p>\n<h2>Die absolut n\u00f6tigen Cookies.<\/h2>\n<p>Diese Cookies sind erforderlich, damit ein Benutzer eine Website frei besuchen und durchsuchen und die darin enthaltenen Optionen nutzen kann, einschlie\u00dflich des Empfangs von Informationen \u00fcber verf\u00fcgbare Leistungen und des Kaufs von Leistungen. Diese Cookies sammeln keine Informationen, mit denen der Benutzer identifiziert werden kann. Ohne diese Cookies kann eine Website nicht vollst\u00e4ndig funktionieren, z. B. die angeforderten Dienste bereitstellen oder eine Dienstanwendung bearbeiten. Diese Cookies werden auf dem Ger\u00e4t eines Benutzers gespeichert, bis der Browser geschlossen wird.<\/p>\n<h3>Funktionscookies.<\/h3>\n<p>Eine Website verwendet Funktionscookies, an die vom Benutzer festgelegten Einstellungen und Auswahlm\u00f6glichkeiten zu erinnern und die Nutzung der Website zu vereinfachen. Diese Cookies werden dauerhaft auf dem Ger\u00e4t des Benutzers gespeichert.<\/p>\n<h3>Analyse-Cookies.<\/h3>\n<p>Analyse-Cookies sammeln Informationen dar\u00fcber, wie der Benutzer mit einer Website interagiert, welche Abschnitte h\u00e4ufiger besucht werden und welche Inhalte der Benutzer beim Surfen auf der Website ausw\u00e4hlt. Die Informationen werden zur Analyse verwendet, um festzustellen, welche Interessen Website-Benutzer haben, und um die Funktionalit\u00e4t einer Website zu verbessern, indem sie komfortabler gestaltet werden. Analyse-Cookies identifizieren das Ger\u00e4t des Benutzers, geben jedoch nicht die Identit\u00e4t des Benutzers bekannt. In einigen F\u00e4llen werden bestimmte Analyse-Cookies von Dritten &#8211; Prozessoren (Betreibern) wie Google AdWords, Facebook &#8211; im Auftrag des Website-Eigent\u00fcmers und gem\u00e4\u00df den Anweisungen des Eigent\u00fcmers verwaltet.<\/p>\n<h3>Cookies f\u00fcr Marketing-\/Retargetingzwecke.<\/h3>\n<p>Cookies f\u00fcr Marketing-\/Retargetingzwecke werden verwendet, um Informationen auf den von einem Benutzer besuchten Websites zu sammeln und bestimmte Dienste des Unternehmens oder seiner Gesch\u00e4ftspartner anzubieten, die einen bestimmten Benutzer interessieren k\u00f6nnten, oder um geeignete Angebote zu adressieren die von einem bestimmten Benutzer gezeigten Interesse anzusprechen. Solche Cookies werden in der Regel von Dritten wie Google Adwords mit Zustimmung des Website-Eigent\u00fcmers und basierend auf dem angegebenen Zweck platziert. Cookies f\u00fcr Marketing-\/Retargetingzwecke werden dauerhaft auf dem Ger\u00e4t eines Benutzers gespeichert.<\/p>\n<h2>Wof\u00fcr verwenden wir Cookies?<\/h2>\n<p><span style=\"color: #000000;\"><strong>Wir verwenden Cookies f\u00fcr:<\/strong><\/span><\/p>\n<ol>\n<li><span style=\"color: #000000;\">Verbesserung der Benutzererfahrung auf der Website;<\/span><\/li>\n<li><span style=\"color: #000000;\">Unterst\u00fctzung von Website-Funktionen;<\/span><\/li>\n<li><span style=\"color: #000000;\">Anpassen der Website-Funktionen an die Gewohnheiten eines Benutzers &#8211; Sprache, Suchanfragen, zuvor durchsuchte Inhalte;<\/span><\/li>\n<li><span style=\"color: #000000;\">Erhalten statistischer Daten \u00fcber den Besucherfluss auf einer Seite &#8211; Anzahl der Besucher, auf einer Seite verbrachte Zeit usw.;<\/span><\/li>\n<li><span style=\"color: #000000;\">Benutzerauthentifizierung.<\/span><\/li>\n<\/ol>\n<p><span style=\"color: #000000;\">Sofern nicht anders angegeben, werden Cookies gespeichert, bis die Aktion, f\u00fcr die sie gesammelt wurden, abgeschlossen ist, und dann gel\u00f6scht.<\/span><\/p>\n<h2><span style=\"color: #000000;\">Verwaltung der Cookie-Einstellungen<\/span><\/h2>\n<p><span style=\"color: #000000;\">Beim Besuch <a style=\"color: #000000;\" href=\"http:\/\/www.youthments.com\">YouthMents<\/a><a style=\"color: #000000;\" href=\"https:\/\/living.youthments.com\/de\/\">\u00a0Riga Website<\/a> wird einem Benutzer ein Fenster angezeigt, in dem er dar\u00fcber informiert wird, dass die Website Cookies verwendet.<\/span><\/p>\n<p><span style=\"color: #000000;\">Nach einem Klick auf &#8222;Ich verstehe&#8220; best\u00e4tigt der Benutzer, dass er mit den Cookie-Informationen, den Verwendungszwecken, den F\u00e4llen, in denen Cookie-Informationen an Dritte \u00fcbertragen werden, vertraut ist und diesen zustimmt.<\/span><\/p>\n<p><span style=\"color: #000000;\">Rechtsgrundlage f\u00fcr die Verwendung von Cookies ist daher die Zustimmung des Nutzers. Wenn ein Benutzer w\u00e4hrend der Nutzung der Website eine Vereinbarung abschlie\u00dft, ist die Verarbeitung von Cookies erforderlich, um die Vereinbarung mit dem Benutzer auszuf\u00fchren, d.h. das Unternehmen kommt seinen gesetzlichen Verpflichtung nach oder nimmt berechtigte Interessen wahr.<\/span><\/p>\n<p><span style=\"color: #000000;\">Die Sicherheitseinstellungen jedes Browsers k\u00f6nnen verwendet werden, um Cookies einzuschr\u00e4nken oder zu l\u00f6schen. Benutzer sollten jedoch ber\u00fccksichtigen, dass sie die Verwendung von unbedingt erforderlichen und funktionalen Cookies nicht ablehnen d\u00fcrfen, da ohne sie der Betrieb einer Website mit vollem Funktionsumfang nicht gew\u00e4hrleistet werden kann.<\/span><\/p>\n<p>&nbsp;<\/p>\n","protected":false},"excerpt":{"rendered":"<p>Verwendung von Cookies Bitte beachten Sie, dass diese YouthMents Riga Website Cookies verwendet. Lesen Sie mehr \u00fcber die auf YouthMents Riga Website verwendeten Cookies weiter unten. Die Website des Unternehmens kann Links zu anderen Websites enthalten, die unterschiedliche Nutzungsbedingungen und Datenschutzbestimmungen haben, f\u00fcr welche das Unternehmen nicht verantwortlich ist. Was sind Cookies? Cookies sind kleine&#8230;<\/p>\n","protected":false},"author":1,"featured_media":0,"parent":0,"menu_order":0,"comment_status":"closed","ping_status":"closed","template":"","meta":{"inline_featured_image":false},"acf":[],"yoast_head":"<!-- This site is optimized with the Yoast SEO plugin v21.8.1 - https:\/\/yoast.com\/wordpress\/plugins\/seo\/ -->\n<title>Cookies YouthMents Riga | Studentenwohnungen<\/title>\n<meta name=\"description\" content=\"Bitte beachten Sie, dass diese Website von YouthMents Riga verwendet Cookies. Lesen Sie unten mehr \u00fcber die verwendeten Cookies.\" \/>\n<meta name=\"robots\" content=\"index, follow, max-snippet:-1, max-image-preview:large, max-video-preview:-1\" \/>\n<link rel=\"canonical\" href=\"https:\/\/living.youthments.com\/de\/youthments-cookies\/\" \/>\n<meta property=\"og:locale\" content=\"de_DE\" \/>\n<meta property=\"og:type\" content=\"article\" \/>\n<meta property=\"og:title\" content=\"Cookies YouthMents Riga | Studentenwohnungen\" \/>\n<meta property=\"og:description\" content=\"Bitte beachten Sie, dass diese Website von YouthMents Riga verwendet Cookies. Lesen Sie unten mehr \u00fcber die verwendeten Cookies.\" \/>\n<meta property=\"og:url\" content=\"https:\/\/living.youthments.com\/de\/youthments-cookies\/\" \/>\n<meta property=\"og:site_name\" content=\"youthments.com\" \/>\n<meta property=\"article:publisher\" content=\"https:\/\/www.facebook.com\/SMARTmentsRiga\/\" \/>\n<meta property=\"article:modified_time\" content=\"2023-04-13T10:27:58+00:00\" \/>\n<meta name=\"twitter:card\" content=\"summary_large_image\" \/>\n<meta name=\"twitter:label1\" content=\"Gesch\u00e4tzte Lesezeit\" \/>\n\t<meta name=\"twitter:data1\" content=\"3\u00a0Minuten\" \/>\n<script type=\"application\/ld+json\" class=\"yoast-schema-graph\">{\"@context\":\"https:\/\/schema.org\",\"@graph\":[{\"@type\":\"WebPage\",\"@id\":\"https:\/\/living.youthments.com\/de\/youthments-cookies\/\",\"url\":\"https:\/\/living.youthments.com\/de\/youthments-cookies\/\",\"name\":\"Cookies YouthMents Riga | Studentenwohnungen\",\"isPartOf\":{\"@id\":\"https:\/\/living.youthments.com\/de\/#website\"},\"datePublished\":\"2020-09-25T02:38:15+00:00\",\"dateModified\":\"2023-04-13T10:27:58+00:00\",\"description\":\"Bitte beachten Sie, dass diese Website von YouthMents Riga verwendet Cookies. Lesen Sie unten mehr \u00fcber die verwendeten Cookies.\",\"breadcrumb\":{\"@id\":\"https:\/\/living.youthments.com\/de\/youthments-cookies\/#breadcrumb\"},\"inLanguage\":\"de\",\"potentialAction\":[{\"@type\":\"ReadAction\",\"target\":[\"https:\/\/living.youthments.com\/de\/youthments-cookies\/\"]}]},{\"@type\":\"BreadcrumbList\",\"@id\":\"https:\/\/living.youthments.com\/de\/youthments-cookies\/#breadcrumb\",\"itemListElement\":[{\"@type\":\"ListItem\",\"position\":1,\"name\":\"Home\",\"item\":\"https:\/\/living.youthments.com\/de\/\"},{\"@type\":\"ListItem\",\"position\":2,\"name\":\"Cookies\"}]},{\"@type\":\"WebSite\",\"@id\":\"https:\/\/living.youthments.com\/de\/#website\",\"url\":\"https:\/\/living.youthments.com\/de\/\",\"name\":\"youthments.com\",\"description\":\"Student Hotel in Riga\",\"publisher\":{\"@id\":\"https:\/\/living.youthments.com\/de\/#organization\"},\"potentialAction\":[{\"@type\":\"SearchAction\",\"target\":{\"@type\":\"EntryPoint\",\"urlTemplate\":\"https:\/\/living.youthments.com\/de\/?s={search_term_string}\"},\"query-input\":\"required name=search_term_string\"}],\"inLanguage\":\"de\"},{\"@type\":\"Organization\",\"@id\":\"https:\/\/living.youthments.com\/de\/#organization\",\"name\":\"SMARTments\",\"url\":\"https:\/\/living.youthments.com\/de\/\",\"logo\":{\"@type\":\"ImageObject\",\"inLanguage\":\"de\",\"@id\":\"https:\/\/living.youthments.com\/de\/#\/schema\/logo\/image\/\",\"url\":\"https:\/\/living.youthments.com\/wp-content\/uploads\/2020\/12\/smartments-logo-en-1.png\",\"contentUrl\":\"https:\/\/living.youthments.com\/wp-content\/uploads\/2020\/12\/smartments-logo-en-1.png\",\"width\":1068,\"height\":194,\"caption\":\"SMARTments\"},\"image\":{\"@id\":\"https:\/\/living.youthments.com\/de\/#\/schema\/logo\/image\/\"},\"sameAs\":[\"https:\/\/www.facebook.com\/SMARTmentsRiga\/\",\"https:\/\/www.instagram.com\/smartments.riga\/\"]}]}<\/script>\n<!-- \/ Yoast SEO plugin. -->","yoast_head_json":{"title":"Cookies YouthMents Riga | Studentenwohnungen","description":"Bitte beachten Sie, dass diese Website von YouthMents Riga verwendet Cookies. Lesen Sie unten mehr \u00fcber die verwendeten Cookies.","robots":{"index":"index","follow":"follow","max-snippet":"max-snippet:-1","max-image-preview":"max-image-preview:large","max-video-preview":"max-video-preview:-1"},"canonical":"https:\/\/living.youthments.com\/de\/youthments-cookies\/","og_locale":"de_DE","og_type":"article","og_title":"Cookies YouthMents Riga | Studentenwohnungen","og_description":"Bitte beachten Sie, dass diese Website von YouthMents Riga verwendet Cookies. Lesen Sie unten mehr \u00fcber die verwendeten Cookies.","og_url":"https:\/\/living.youthments.com\/de\/youthments-cookies\/","og_site_name":"youthments.com","article_publisher":"https:\/\/www.facebook.com\/SMARTmentsRiga\/","article_modified_time":"2023-04-13T10:27:58+00:00","twitter_card":"summary_large_image","twitter_misc":{"Gesch\u00e4tzte Lesezeit":"3\u00a0Minuten"},"schema":{"@context":"https:\/\/schema.org","@graph":[{"@type":"WebPage","@id":"https:\/\/living.youthments.com\/de\/youthments-cookies\/","url":"https:\/\/living.youthments.com\/de\/youthments-cookies\/","name":"Cookies YouthMents Riga | Studentenwohnungen","isPartOf":{"@id":"https:\/\/living.youthments.com\/de\/#website"},"datePublished":"2020-09-25T02:38:15+00:00","dateModified":"2023-04-13T10:27:58+00:00","description":"Bitte beachten Sie, dass diese Website von YouthMents Riga verwendet Cookies. Lesen Sie unten mehr \u00fcber die verwendeten Cookies.","breadcrumb":{"@id":"https:\/\/living.youthments.com\/de\/youthments-cookies\/#breadcrumb"},"inLanguage":"de","potentialAction":[{"@type":"ReadAction","target":["https:\/\/living.youthments.com\/de\/youthments-cookies\/"]}]},{"@type":"BreadcrumbList","@id":"https:\/\/living.youthments.com\/de\/youthments-cookies\/#breadcrumb","itemListElement":[{"@type":"ListItem","position":1,"name":"Home","item":"https:\/\/living.youthments.com\/de\/"},{"@type":"ListItem","position":2,"name":"Cookies"}]},{"@type":"WebSite","@id":"https:\/\/living.youthments.com\/de\/#website","url":"https:\/\/living.youthments.com\/de\/","name":"youthments.com","description":"Student Hotel in Riga","publisher":{"@id":"https:\/\/living.youthments.com\/de\/#organization"},"potentialAction":[{"@type":"SearchAction","target":{"@type":"EntryPoint","urlTemplate":"https:\/\/living.youthments.com\/de\/?s={search_term_string}"},"query-input":"required name=search_term_string"}],"inLanguage":"de"},{"@type":"Organization","@id":"https:\/\/living.youthments.com\/de\/#organization","name":"SMARTments","url":"https:\/\/living.youthments.com\/de\/","logo":{"@type":"ImageObject","inLanguage":"de","@id":"https:\/\/living.youthments.com\/de\/#\/schema\/logo\/image\/","url":"https:\/\/living.youthments.com\/wp-content\/uploads\/2020\/12\/smartments-logo-en-1.png","contentUrl":"https:\/\/living.youthments.com\/wp-content\/uploads\/2020\/12\/smartments-logo-en-1.png","width":1068,"height":194,"caption":"SMARTments"},"image":{"@id":"https:\/\/living.youthments.com\/de\/#\/schema\/logo\/image\/"},"sameAs":["https:\/\/www.facebook.com\/SMARTmentsRiga\/","https:\/\/www.instagram.com\/smartments.riga\/"]}]}},"_links":{"self":[{"href":"https:\/\/living.youthments.com\/de\/wp-json\/wp\/v2\/pages\/918"}],"collection":[{"href":"https:\/\/living.youthments.com\/de\/wp-json\/wp\/v2\/pages"}],"about":[{"href":"https:\/\/living.youthments.com\/de\/wp-json\/wp\/v2\/types\/page"}],"author":[{"embeddable":true,"href":"https:\/\/living.youthments.com\/de\/wp-json\/wp\/v2\/users\/1"}],"replies":[{"embeddable":true,"href":"https:\/\/living.youthments.com\/de\/wp-json\/wp\/v2\/comments?post=918"}],"version-history":[{"count":17,"href":"https:\/\/living.youthments.com\/de\/wp-json\/wp\/v2\/pages\/918\/revisions"}],"predecessor-version":[{"id":4123,"href":"https:\/\/living.youthments.com\/de\/wp-json\/wp\/v2\/pages\/918\/revisions\/4123"}],"wp:attachment":[{"href":"https:\/\/living.youthments.com\/de\/wp-json\/wp\/v2\/media?parent=918"}],"curies":[{"name":"wp","href":"https:\/\/api.w.org\/{rel}","templated":true}]}}