{"id":910,"date":"2020-09-25T06:05:32","date_gmt":"2020-09-25T03:05:32","guid":{"rendered":"https:\/\/smartments.psdev.lv\/about-us\/"},"modified":"2024-07-09T14:30:45","modified_gmt":"2024-07-09T11:30:45","slug":"par-mums","status":"publish","type":"page","link":"https:\/\/living.youthments.com\/lv\/par-mums\/","title":{"rendered":"Par mums"},"content":{"rendered":"<p>YouthMents Living ir Youthments SIA otr\u0101 \u012bres dz\u012bvok\u013cu \u0113ka. Pirm\u0101 ir studentu viesn\u012bca YouthMents Student, kura savas durvis v\u0113ra 2021. gada febru\u0101r\u012b, ta\u010du kop\u0161 2023. gada apr\u012b\u013ca ar\u012b YouthMents Living pied\u0101v\u0101 dz\u012bvok\u013cus \u012brei. YouthMents Living ir izvietota pirmskara \u0113k\u0101, kas celta 1910. gad\u0101. \u0112ku pirmo reizi renov\u0113ja 2005. gad\u0101, kad t\u0101 k\u013cuva par ofisa \u0113ku. \u0112ku v\u0113lreiz renov\u0113ja 2022. gad\u0101 un t\u0101 ir \u012bres dz\u012bvok\u013cu \u0113ka kop\u0161 2023. gada. \u0112ku padara \u012bpa\u0161u t\u0101s smalkie fran\u010du logi un fran\u010du balkoni otraj\u0101 un tre\u0161aj\u0101 st\u0101v\u0101. Dz\u012bvok\u013ci ir veidoti ar m\u0113r\u0137i saglab\u0101t \u0113kas eleganto stilu, sajaucot to ar laikmet\u012bgiem elementiem.<\/p>\n<p><img decoding=\"async\" loading=\"lazy\" class=\"alignnone size-full wp-image-4522\" src=\"https:\/\/living.youthments.com\/wp-content\/uploads\/2023\/04\/DSC_0636.jpg\" alt=\"\" width=\"1920\" height=\"1280\" srcset=\"https:\/\/living.youthments.com\/wp-content\/uploads\/2023\/04\/DSC_0636.jpg 1920w, https:\/\/living.youthments.com\/wp-content\/uploads\/2023\/04\/DSC_0636-300x200.jpg 300w, https:\/\/living.youthments.com\/wp-content\/uploads\/2023\/04\/DSC_0636-1024x683.jpg 1024w, https:\/\/living.youthments.com\/wp-content\/uploads\/2023\/04\/DSC_0636-768x512.jpg 768w, https:\/\/living.youthments.com\/wp-content\/uploads\/2023\/04\/DSC_0636-1536x1024.jpg 1536w, https:\/\/living.youthments.com\/wp-content\/uploads\/2023\/04\/DSC_0636-1500x1000.jpg 1500w\" sizes=\"(max-width: 1920px) 100vw, 1920px\" \/><\/p>\n<h2><span style=\"color: #333333;\">ATRA\u0160AN\u0100S VIETA<\/span><\/h2>\n<p>YouthMents Living atrodas Latgales apkaim\u0113. T\u0101 izvietota Daugavas labaj\u0101 pus\u0113, uz dienvidiem no Vecr\u012bgas. Rajons pirmo reizi min\u0113ts 14. gadsimt\u0101 zem Last\u0101dijas v\u0101rda. L\u012bdz 2024. gada maijam Latgales apkaime sauc\u0101s Maskavas for\u0161tate (ar\u012b Maskavas priek\u0161pils\u0113ta, sarunvalod\u0101 Maska\u010dka), savu nosaukumu aizg\u016bstot no ce\u013ca, kas v\u0113sturiski savienoja R\u012bgu ar Maskavu. Arhitektoniski redzama krievu, baltkrievu un ebreju ietekme rajona att\u012bst\u012bb\u0101, sevi\u0161\u0137i tiem rakstur\u012bg\u0101s koka m\u0101jas.<\/p>\n<p>Latgales apkaim\u0113 atrodas augt\u0101ko izgl\u012bt\u012bbas iest\u0101\u017eu klasteris. \u0160eit atrodas Baltijas Starptautisk\u0101 akad\u0113mija, Transporta un sakaru instit\u016bts, Vad\u012bbzin\u012bbas un inform\u0101cijas sist\u0113mu augstskola (ISMA), Latvijas Kult\u016bras akad\u0113mija, Latvijas Universit\u0101tes Soci\u0101lo zin\u0101t\u0146u fakult\u0101te.<\/p>\n<p>Latgales parks r\u016bp\u0113jas par rajona za\u013co vidi un svaigo gaisu. Tas ir skaits parks, kur\u0161 atrodas starp Latgales un Balvu ielu, tikai 300 m no YouthMents Living. Tas ir 6.2 hekt\u0101rus liels un pamat\u0101 veidots no holandie\u0161u liep\u0101m. T\u0101s veido platas alejas un koku rindas. Ta\u010du park\u0101 var atrast ar\u012b vair\u0101k k\u0101 40 citus kokus un augus. Tas ir lielisks parks, lai atp\u016bstos, sportotu vai pastaig\u0101tos.<\/p>\n<h2><span style=\"color: #333333;\">KAS M\u0112S ESAM<\/span><\/h2>\n<p>YouthMents \u012bres dz\u012bvok\u013ci ir piem\u0113roti studentiem un citiem cilv\u0113kiem, kas R\u012bg\u0101 paliek m\u0113nesi un ilg\u0101k. Pied\u0101v\u0101jum\u0101 ir 90 YouthMents Student dz\u012bvok\u013ci un 39 dz\u012bvok\u013ci YouthMents Living dz\u012bvok\u013ci, kuri piem\u0113roti 1 vai 2 cilv\u0113kiem. YouthMents Student b\u016bs tev piem\u0113rota naktsm\u012btne, ja v\u0113lies uztur\u0113ties jaunekl\u012bg\u0101 un akt\u012bv\u0101 studentu kopien\u0101, bet YouthMents Living b\u016bs perfekta, ja priek\u0161roku dod priv\u0101tumam un netrauc\u0113tai ikdienas dz\u012bvei. Gan YouthMents Student, gan YouthMents Living pied\u0101v\u0101 saviem \u012brniekiem pa\u0161apkalpo\u0161an\u0101s ve\u013cas mazg\u0101tavu, velosip\u0113du novietni, autost\u0101vvietu, \u0101ra zonu, k\u0101 ar\u012b \u0101tru internetu, videonov\u0113ro\u0161anas kameras un sl\u0113gtu ieeju. Pieredzi kvalitat\u012bvu dz\u012bvok\u013cu \u012bri un izv\u0113lies YouthMents.<\/p>\n<h3><span style=\"color: #333333;\">M\u016bsu v\u0113rt\u012bbas:<\/span><\/h3>\n<ul>\n<li><span style=\"color: #333333;\"><strong>Atv\u0113rt\u012bba<\/strong> &#8211; m\u0113s esam toleranti, iek\u013caujo\u0161i un priec\u0101jamies par daudzveid\u012bbu.<\/span><\/li>\n<li><span style=\"color: #333333;\"><strong>Studentu gars<\/strong> &#8211; m\u0113s esam vienm\u0113r jauni, akt\u012bvi un jautri.<\/span><\/li>\n<li><span style=\"color: #333333;\"><strong>Entuziasms<\/strong> &#8211; m\u0113s ar prieku, kaisli un interesi str\u0101d\u0101jam un dz\u012bvojam.<\/span><\/li>\n<li><span style=\"color: #333333;\"><strong>Zin\u0101tk\u0101re<\/strong> &#8211; m\u0113s ticam, ka m\u0101c\u012bties var katru dienu visu dz\u012bvi.<\/span><\/li>\n<li><span style=\"color: #333333;\"><strong> Ilgtsp\u0113j\u012bba<\/strong> &#8211; m\u0113s iest\u0101jamies par videi draudz\u012bgu dz\u012bvo\u0161anu un saimnieko\u0161anu.<\/span><\/li>\n<li><span style=\"color: #333333;\"><strong>Apzin\u0101t\u012bba<\/strong> &#8211; tikai darot labu citiem ir iesp\u0113jams pan\u0101kt pozit\u012bvu ietekmi visiem.<\/span><\/li>\n<\/ul>\n","protected":false},"excerpt":{"rendered":"<p>YouthMents Living ir Youthments SIA otr\u0101 \u012bres dz\u012bvok\u013cu \u0113ka. Pirm\u0101 ir studentu viesn\u012bca YouthMents Student, kura savas durvis v\u0113ra 2021. gada febru\u0101r\u012b, ta\u010du kop\u0161 2023. gada apr\u012b\u013ca ar\u012b YouthMents Living pied\u0101v\u0101 dz\u012bvok\u013cus \u012brei. YouthMents Living ir izvietota pirmskara \u0113k\u0101, kas celta 1910. gad\u0101. \u0112ku pirmo reizi renov\u0113ja 2005. gad\u0101, kad t\u0101 k\u013cuva par ofisa \u0113ku&#8230;.<\/p>\n","protected":false},"author":1,"featured_media":4522,"parent":0,"menu_order":0,"comment_status":"closed","ping_status":"closed","template":"about.php","meta":{"inline_featured_image":false},"acf":[],"yoast_head":"<!-- This site is optimized with the Yoast SEO plugin v21.8.1 - https:\/\/yoast.com\/wordpress\/plugins\/seo\/ -->\n<title>Dienesta viesn\u012bca R\u012bg\u0101 | Par mums - YouthMents<\/title>\n<meta name=\"description\" content=\"Dienesta viesn\u012bca R\u012bg\u0101 YouthMents ir piln\u012bb\u0101 renov\u0113ta dz\u012bvok\u013cu \u0113ka, kas saved kop\u0101 entuziastiskus, atv\u0113rtus un sird\u012b jaunus cilv\u0113kus.\" \/>\n<meta name=\"robots\" content=\"index, follow, max-snippet:-1, max-image-preview:large, max-video-preview:-1\" \/>\n<link rel=\"canonical\" href=\"https:\/\/living.youthments.com\/lv\/par-mums\/\" \/>\n<meta property=\"og:locale\" content=\"lv_LV\" \/>\n<meta property=\"og:type\" content=\"article\" \/>\n<meta property=\"og:title\" content=\"Dienesta viesn\u012bca R\u012bg\u0101 | Par mums - YouthMents\" \/>\n<meta property=\"og:description\" content=\"Dienesta viesn\u012bca R\u012bg\u0101 YouthMents ir piln\u012bb\u0101 renov\u0113ta dz\u012bvok\u013cu \u0113ka, kas saved kop\u0101 entuziastiskus, atv\u0113rtus un sird\u012b jaunus cilv\u0113kus.\" \/>\n<meta property=\"og:url\" content=\"https:\/\/living.youthments.com\/lv\/par-mums\/\" \/>\n<meta property=\"og:site_name\" content=\"youthments.com\" \/>\n<meta property=\"article:publisher\" content=\"https:\/\/www.facebook.com\/SMARTmentsRiga\/\" \/>\n<meta property=\"article:modified_time\" content=\"2024-07-09T11:30:45+00:00\" \/>\n<meta property=\"og:image\" content=\"https:\/\/living.youthments.com\/wp-content\/uploads\/2023\/04\/DSC_0636.jpg\" \/>\n\t<meta property=\"og:image:width\" content=\"1920\" \/>\n\t<meta property=\"og:image:height\" content=\"1280\" \/>\n\t<meta property=\"og:image:type\" content=\"image\/jpeg\" \/>\n<meta name=\"twitter:card\" content=\"summary_large_image\" \/>\n<meta name=\"twitter:label1\" content=\"Est. reading time\" \/>\n\t<meta name=\"twitter:data1\" content=\"3 minutes\" \/>\n<script type=\"application\/ld+json\" class=\"yoast-schema-graph\">{\"@context\":\"https:\/\/schema.org\",\"@graph\":[{\"@type\":\"WebPage\",\"@id\":\"https:\/\/living.youthments.com\/lv\/par-mums\/\",\"url\":\"https:\/\/living.youthments.com\/lv\/par-mums\/\",\"name\":\"Dienesta viesn\u012bca R\u012bg\u0101 | Par mums - YouthMents\",\"isPartOf\":{\"@id\":\"https:\/\/living.youthments.com\/lv\/#website\"},\"datePublished\":\"2020-09-25T03:05:32+00:00\",\"dateModified\":\"2024-07-09T11:30:45+00:00\",\"description\":\"Dienesta viesn\u012bca R\u012bg\u0101 YouthMents ir piln\u012bb\u0101 renov\u0113ta dz\u012bvok\u013cu \u0113ka, kas saved kop\u0101 entuziastiskus, atv\u0113rtus un sird\u012b jaunus cilv\u0113kus.\",\"breadcrumb\":{\"@id\":\"https:\/\/living.youthments.com\/lv\/par-mums\/#breadcrumb\"},\"inLanguage\":\"lv-LV\",\"potentialAction\":[{\"@type\":\"ReadAction\",\"target\":[\"https:\/\/living.youthments.com\/lv\/par-mums\/\"]}]},{\"@type\":\"BreadcrumbList\",\"@id\":\"https:\/\/living.youthments.com\/lv\/par-mums\/#breadcrumb\",\"itemListElement\":[{\"@type\":\"ListItem\",\"position\":1,\"name\":\"Home\",\"item\":\"https:\/\/living.youthments.com\/lv\/\"},{\"@type\":\"ListItem\",\"position\":2,\"name\":\"Par mums\"}]},{\"@type\":\"WebSite\",\"@id\":\"https:\/\/living.youthments.com\/lv\/#website\",\"url\":\"https:\/\/living.youthments.com\/lv\/\",\"name\":\"youthments.com\",\"description\":\"Student Hotel in Riga\",\"publisher\":{\"@id\":\"https:\/\/living.youthments.com\/lv\/#organization\"},\"potentialAction\":[{\"@type\":\"SearchAction\",\"target\":{\"@type\":\"EntryPoint\",\"urlTemplate\":\"https:\/\/living.youthments.com\/lv\/?s={search_term_string}\"},\"query-input\":\"required name=search_term_string\"}],\"inLanguage\":\"lv-LV\"},{\"@type\":\"Organization\",\"@id\":\"https:\/\/living.youthments.com\/lv\/#organization\",\"name\":\"SMARTments\",\"url\":\"https:\/\/living.youthments.com\/lv\/\",\"logo\":{\"@type\":\"ImageObject\",\"inLanguage\":\"lv-LV\",\"@id\":\"https:\/\/living.youthments.com\/lv\/#\/schema\/logo\/image\/\",\"url\":\"https:\/\/living.youthments.com\/wp-content\/uploads\/2020\/12\/smartments-logo-en-1.png\",\"contentUrl\":\"https:\/\/living.youthments.com\/wp-content\/uploads\/2020\/12\/smartments-logo-en-1.png\",\"width\":1068,\"height\":194,\"caption\":\"SMARTments\"},\"image\":{\"@id\":\"https:\/\/living.youthments.com\/lv\/#\/schema\/logo\/image\/\"},\"sameAs\":[\"https:\/\/www.facebook.com\/SMARTmentsRiga\/\",\"https:\/\/www.instagram.com\/smartments.riga\/\"]}]}<\/script>\n<!-- \/ Yoast SEO plugin. -->","yoast_head_json":{"title":"Dienesta viesn\u012bca R\u012bg\u0101 | Par mums - YouthMents","description":"Dienesta viesn\u012bca R\u012bg\u0101 YouthMents ir piln\u012bb\u0101 renov\u0113ta dz\u012bvok\u013cu \u0113ka, kas saved kop\u0101 entuziastiskus, atv\u0113rtus un sird\u012b jaunus cilv\u0113kus.","robots":{"index":"index","follow":"follow","max-snippet":"max-snippet:-1","max-image-preview":"max-image-preview:large","max-video-preview":"max-video-preview:-1"},"canonical":"https:\/\/living.youthments.com\/lv\/par-mums\/","og_locale":"lv_LV","og_type":"article","og_title":"Dienesta viesn\u012bca R\u012bg\u0101 | Par mums - YouthMents","og_description":"Dienesta viesn\u012bca R\u012bg\u0101 YouthMents ir piln\u012bb\u0101 renov\u0113ta dz\u012bvok\u013cu \u0113ka, kas saved kop\u0101 entuziastiskus, atv\u0113rtus un sird\u012b jaunus cilv\u0113kus.","og_url":"https:\/\/living.youthments.com\/lv\/par-mums\/","og_site_name":"youthments.com","article_publisher":"https:\/\/www.facebook.com\/SMARTmentsRiga\/","article_modified_time":"2024-07-09T11:30:45+00:00","og_image":[{"width":1920,"height":1280,"url":"https:\/\/living.youthments.com\/wp-content\/uploads\/2023\/04\/DSC_0636.jpg","type":"image\/jpeg"}],"twitter_card":"summary_large_image","twitter_misc":{"Est. reading time":"3 minutes"},"schema":{"@context":"https:\/\/schema.org","@graph":[{"@type":"WebPage","@id":"https:\/\/living.youthments.com\/lv\/par-mums\/","url":"https:\/\/living.youthments.com\/lv\/par-mums\/","name":"Dienesta viesn\u012bca R\u012bg\u0101 | Par mums - YouthMents","isPartOf":{"@id":"https:\/\/living.youthments.com\/lv\/#website"},"datePublished":"2020-09-25T03:05:32+00:00","dateModified":"2024-07-09T11:30:45+00:00","description":"Dienesta viesn\u012bca R\u012bg\u0101 YouthMents ir piln\u012bb\u0101 renov\u0113ta dz\u012bvok\u013cu \u0113ka, kas saved kop\u0101 entuziastiskus, atv\u0113rtus un sird\u012b jaunus cilv\u0113kus.","breadcrumb":{"@id":"https:\/\/living.youthments.com\/lv\/par-mums\/#breadcrumb"},"inLanguage":"lv-LV","potentialAction":[{"@type":"ReadAction","target":["https:\/\/living.youthments.com\/lv\/par-mums\/"]}]},{"@type":"BreadcrumbList","@id":"https:\/\/living.youthments.com\/lv\/par-mums\/#breadcrumb","itemListElement":[{"@type":"ListItem","position":1,"name":"Home","item":"https:\/\/living.youthments.com\/lv\/"},{"@type":"ListItem","position":2,"name":"Par mums"}]},{"@type":"WebSite","@id":"https:\/\/living.youthments.com\/lv\/#website","url":"https:\/\/living.youthments.com\/lv\/","name":"youthments.com","description":"Student Hotel in Riga","publisher":{"@id":"https:\/\/living.youthments.com\/lv\/#organization"},"potentialAction":[{"@type":"SearchAction","target":{"@type":"EntryPoint","urlTemplate":"https:\/\/living.youthments.com\/lv\/?s={search_term_string}"},"query-input":"required name=search_term_string"}],"inLanguage":"lv-LV"},{"@type":"Organization","@id":"https:\/\/living.youthments.com\/lv\/#organization","name":"SMARTments","url":"https:\/\/living.youthments.com\/lv\/","logo":{"@type":"ImageObject","inLanguage":"lv-LV","@id":"https:\/\/living.youthments.com\/lv\/#\/schema\/logo\/image\/","url":"https:\/\/living.youthments.com\/wp-content\/uploads\/2020\/12\/smartments-logo-en-1.png","contentUrl":"https:\/\/living.youthments.com\/wp-content\/uploads\/2020\/12\/smartments-logo-en-1.png","width":1068,"height":194,"caption":"SMARTments"},"image":{"@id":"https:\/\/living.youthments.com\/lv\/#\/schema\/logo\/image\/"},"sameAs":["https:\/\/www.facebook.com\/SMARTmentsRiga\/","https:\/\/www.instagram.com\/smartments.riga\/"]}]}},"_links":{"self":[{"href":"https:\/\/living.youthments.com\/lv\/wp-json\/wp\/v2\/pages\/910"}],"collection":[{"href":"https:\/\/living.youthments.com\/lv\/wp-json\/wp\/v2\/pages"}],"about":[{"href":"https:\/\/living.youthments.com\/lv\/wp-json\/wp\/v2\/types\/page"}],"author":[{"embeddable":true,"href":"https:\/\/living.youthments.com\/lv\/wp-json\/wp\/v2\/users\/1"}],"replies":[{"embeddable":true,"href":"https:\/\/living.youthments.com\/lv\/wp-json\/wp\/v2\/comments?post=910"}],"version-history":[{"count":17,"href":"https:\/\/living.youthments.com\/lv\/wp-json\/wp\/v2\/pages\/910\/revisions"}],"predecessor-version":[{"id":5649,"href":"https:\/\/living.youthments.com\/lv\/wp-json\/wp\/v2\/pages\/910\/revisions\/5649"}],"wp:featuredmedia":[{"embeddable":true,"href":"https:\/\/living.youthments.com\/lv\/wp-json\/wp\/v2\/media\/4522"}],"wp:attachment":[{"href":"https:\/\/living.youthments.com\/lv\/wp-json\/wp\/v2\/media?parent=910"}],"curies":[{"name":"wp","href":"https:\/\/api.w.org\/{rel}","templated":true}]}}