{"id":916,"date":"2020-09-25T03:06:48","date_gmt":"2020-09-25T00:06:48","guid":{"rendered":"https:\/\/smartments.psdev.lv\/contacts\/"},"modified":"2024-07-09T14:11:21","modified_gmt":"2024-07-09T11:11:21","slug":"youthments-kontakti","status":"publish","type":"page","link":"https:\/\/living.youthments.com\/lv\/youthments-kontakti\/","title":{"rendered":"Kontakti"},"content":{"rendered":"<h2>K\u0101 pie mums nok\u013c\u016bt?<\/h2>\n<p><strong>Ar tramvaju<\/strong><\/p>\n<p>Tramvaja mar\u0161ruts tevi \u0101tri nog\u0101d\u0101s uz YouthMents Living no pils\u0113tas centra. Tramvaja pietura atrodas 160 m no YouthMents Living. Izv\u0113lies tramvaju Nr. 7 (virziens \u0136engarags) no Nacion\u0101l\u0101s operas vai Centr\u0101ltirgus un brauc l\u012bdz pieturai &#8220;Latgales parks&#8221;. Ja v\u0113lies doties uz pils\u0113tas centru no YouthMents Living, tad izv\u0113lies tramvaju Nr. 7 (virziens Ausek\u013ca iela) no pieturas &#8220;Latgales parks&#8221; l\u012bdz Centr\u0101ltirgum vai Nacion\u0101lajai operai. Brauciena ilgums: 9 \u2013 12 min\u016btes.<\/p>\n<p><strong>Ar trolejbusu<\/strong><\/p>\n<p>Trolejbusa mar\u0161ruts tevi \u0101tri nog\u0101d\u0101s uz YouthMents Living no pils\u0113tas centra. Izv\u0113lies trolejbusu Nr. 15 (virziens \u0136engarags) no Latvijas Universit\u0101tes vai Centr\u0101ltirgus un brauc l\u012bdz Lomonosova ielai. Trolejbusa pietura \u201cLomonosova iela\u201d atrodas 400 m no YouthMents Living. Ja v\u0113lies doties uz pils\u0113tas centru no YouthMents Living, tad izv\u0113lies trolejbusu No. 15 (virziens Latvijas Universit\u0101te) no Lauvas ielas l\u012bdz Centr\u0101lajai stacijai vai Latvijas universit\u0101tei. Trolejbusa pietura \u201cLauvas iela\u201d atrodas 230 m no YouthMents Living. Brauciena ilgums: 10 \u2013 15 min\u016btes.<\/p>\n<p><strong>Ar vilcienu<\/strong><\/p>\n<p>Dzelzce\u013ca pietura \u201cVagonu parks\u201d atrodas 1 km att\u0101lum\u0101 no YouthMents Living. Tas neb\u016bs \u0113rt\u0101kais veids, lai nok\u013c\u016btu pils\u0113tas centr\u0101, ta\u010du tas b\u016bs gana \u0113rts, ja v\u0113l\u0113sies apmekl\u0113t t\u0101ds Latvijas pils\u0113tas k\u0101 Ogre, Lielv\u0101rde, Aizkraukle, Koknese.<\/p>\n<h2>Apk\u0101rtne<\/h2>\n<p><strong>Universit\u0101tes &amp; fakult\u0101tes:<\/strong> Vad\u012bbzin\u012bbas un inform\u0101cijas sist\u0113mu augstskola (ISMA) \u2013 160 m, Baltijas Starptautisk\u0101 akad\u0113mija \u2013 350 m, Transporta un sakaru instit\u016bts \u2013 450 m, Latvijas Universit\u0101tes Soci\u0101lo zin\u0101t\u0146u fakult\u0101te \u2013 500 m, Latvijas Kult\u016bras akad\u0113mija \u2013 1.2 km, Latvijas Zin\u0101t\u0146u akad\u0113mija \u2013 2.5 km, R\u012bgas Celtniec\u012bbas koled\u017ea \u2013 2.7 km, J\u0101zepa V\u012btola Latvijas M\u016bzikas akad\u0113mija\u00a0\u2013 3.2 km, Latvijas Universit\u0101te (galven\u0101 \u0113ka) \u2013 3.4 km, Latvijas M\u0101kslas akad\u0113mija \u2013 3.9 km, \u00a0RTU \u0136\u012bpsalas fakult\u0101tes \u2013 5.7 km.<\/p>\n<p><strong>Parki:<\/strong> Latgales parks \u2013 300 m, Erev\u0101nas parks \u2013 550 m, Kojusalas parks \u2013 600 m, Miera d\u0101rzs \u2013 1.9 km.<\/p>\n<p><strong>Veikali &amp; restor\u0101ni:<\/strong> P\u0101rtikas veikals \u201cRimi\u201d \u2013 210 m, p\u0101rtikas veikals \u201cMaxima\u201d \u2013 1 km, kebabn\u012bca \u201cBefrites\u201d \u2013 350 m, atp\u016btas centrs un restor\u0101ns \u201cLIDO\u201d \u2013 1.6 km, Hesburger \u2013 1.3 km, McDonald\u2019s \u2013 2.6 km, tirdzniec\u012bbas centrs \u201cMols\u201d \u2013 1 km, tirdzniec\u012bbas centrs \u201cAkropole\u201d \u2013 2.1 km.<\/p>\n<p><strong>Cits:<\/strong> Aptieka \u201cBENU aptieka\u201d \u2013 350 m, \u201cJump Space\u201d \u2013 700 m, alp\u012bnistu klubs \u201cTraverss\u201d \u2013 350 m, biroju centrs \u201cKrasta Biroji\u201d \u2013 600 m, m\u0101jsaimniec\u012bbas pre\u010du veikals \u201cDepo\u201d \u2013 1.4 km.<\/p>\n<p>&nbsp;<\/p>\n<p>&nbsp;<\/p>\n","protected":false},"excerpt":{"rendered":"<p>K\u0101 pie mums nok\u013c\u016bt? Ar tramvaju Tramvaja mar\u0161ruts tevi \u0101tri nog\u0101d\u0101s uz YouthMents Living no pils\u0113tas centra. Tramvaja pietura atrodas 160 m no YouthMents Living. Izv\u0113lies tramvaju Nr. 7 (virziens \u0136engarags) no Nacion\u0101l\u0101s operas vai Centr\u0101ltirgus un brauc l\u012bdz pieturai &#8220;Latgales parks&#8221;. Ja v\u0113lies doties uz pils\u0113tas centru no YouthMents Living, tad izv\u0113lies tramvaju Nr&#8230;.<\/p>\n","protected":false},"author":1,"featured_media":0,"parent":0,"menu_order":0,"comment_status":"closed","ping_status":"closed","template":"contacts.php","meta":{"inline_featured_image":false},"acf":[],"yoast_head":"<!-- This site is optimized with the Yoast SEO plugin v21.8.1 - https:\/\/yoast.com\/wordpress\/plugins\/seo\/ -->\n<title>YouthMents Kontakti | Dz\u012bvok\u013ci \u012brei R\u012bg\u0101 - YouthMents<\/title>\n<meta name=\"description\" content=\"YouthMents kontakti: telefons +371 67458809, e-pasts info@youthments.com. Apmekl\u0113jiet m\u016bsu m\u0101jas lapu un rezerv\u0113jiet dz\u012bvokli pie mums!\" \/>\n<meta name=\"robots\" content=\"index, follow, max-snippet:-1, max-image-preview:large, max-video-preview:-1\" \/>\n<link rel=\"canonical\" href=\"https:\/\/living.youthments.com\/lv\/youthments-kontakti\/\" \/>\n<meta property=\"og:locale\" content=\"lv_LV\" \/>\n<meta property=\"og:type\" content=\"article\" \/>\n<meta property=\"og:title\" content=\"YouthMents Kontakti | Dz\u012bvok\u013ci \u012brei R\u012bg\u0101 - YouthMents\" \/>\n<meta property=\"og:description\" content=\"YouthMents kontakti: telefons +371 67458809, e-pasts info@youthments.com. Apmekl\u0113jiet m\u016bsu m\u0101jas lapu un rezerv\u0113jiet dz\u012bvokli pie mums!\" \/>\n<meta property=\"og:url\" content=\"https:\/\/living.youthments.com\/lv\/youthments-kontakti\/\" \/>\n<meta property=\"og:site_name\" content=\"youthments.com\" \/>\n<meta property=\"article:publisher\" content=\"https:\/\/www.facebook.com\/SMARTmentsRiga\/\" \/>\n<meta property=\"article:modified_time\" content=\"2024-07-09T11:11:21+00:00\" \/>\n<meta name=\"twitter:card\" content=\"summary_large_image\" \/>\n<meta name=\"twitter:label1\" content=\"Est. reading time\" \/>\n\t<meta name=\"twitter:data1\" content=\"2 minutes\" \/>\n<script type=\"application\/ld+json\" class=\"yoast-schema-graph\">{\"@context\":\"https:\/\/schema.org\",\"@graph\":[{\"@type\":\"WebPage\",\"@id\":\"https:\/\/living.youthments.com\/lv\/youthments-kontakti\/\",\"url\":\"https:\/\/living.youthments.com\/lv\/youthments-kontakti\/\",\"name\":\"YouthMents Kontakti | Dz\u012bvok\u013ci \u012brei R\u012bg\u0101 - YouthMents\",\"isPartOf\":{\"@id\":\"https:\/\/living.youthments.com\/lv\/#website\"},\"datePublished\":\"2020-09-25T00:06:48+00:00\",\"dateModified\":\"2024-07-09T11:11:21+00:00\",\"description\":\"YouthMents kontakti: telefons +371 67458809, e-pasts info@youthments.com. Apmekl\u0113jiet m\u016bsu m\u0101jas lapu un rezerv\u0113jiet dz\u012bvokli pie mums!\",\"breadcrumb\":{\"@id\":\"https:\/\/living.youthments.com\/lv\/youthments-kontakti\/#breadcrumb\"},\"inLanguage\":\"lv-LV\",\"potentialAction\":[{\"@type\":\"ReadAction\",\"target\":[\"https:\/\/living.youthments.com\/lv\/youthments-kontakti\/\"]}]},{\"@type\":\"BreadcrumbList\",\"@id\":\"https:\/\/living.youthments.com\/lv\/youthments-kontakti\/#breadcrumb\",\"itemListElement\":[{\"@type\":\"ListItem\",\"position\":1,\"name\":\"Home\",\"item\":\"https:\/\/living.youthments.com\/lv\/\"},{\"@type\":\"ListItem\",\"position\":2,\"name\":\"Kontakti\"}]},{\"@type\":\"WebSite\",\"@id\":\"https:\/\/living.youthments.com\/lv\/#website\",\"url\":\"https:\/\/living.youthments.com\/lv\/\",\"name\":\"youthments.com\",\"description\":\"Student Hotel in Riga\",\"publisher\":{\"@id\":\"https:\/\/living.youthments.com\/lv\/#organization\"},\"potentialAction\":[{\"@type\":\"SearchAction\",\"target\":{\"@type\":\"EntryPoint\",\"urlTemplate\":\"https:\/\/living.youthments.com\/lv\/?s={search_term_string}\"},\"query-input\":\"required name=search_term_string\"}],\"inLanguage\":\"lv-LV\"},{\"@type\":\"Organization\",\"@id\":\"https:\/\/living.youthments.com\/lv\/#organization\",\"name\":\"SMARTments\",\"url\":\"https:\/\/living.youthments.com\/lv\/\",\"logo\":{\"@type\":\"ImageObject\",\"inLanguage\":\"lv-LV\",\"@id\":\"https:\/\/living.youthments.com\/lv\/#\/schema\/logo\/image\/\",\"url\":\"https:\/\/living.youthments.com\/wp-content\/uploads\/2020\/12\/smartments-logo-en-1.png\",\"contentUrl\":\"https:\/\/living.youthments.com\/wp-content\/uploads\/2020\/12\/smartments-logo-en-1.png\",\"width\":1068,\"height\":194,\"caption\":\"SMARTments\"},\"image\":{\"@id\":\"https:\/\/living.youthments.com\/lv\/#\/schema\/logo\/image\/\"},\"sameAs\":[\"https:\/\/www.facebook.com\/SMARTmentsRiga\/\",\"https:\/\/www.instagram.com\/smartments.riga\/\"]}]}<\/script>\n<!-- \/ Yoast SEO plugin. -->","yoast_head_json":{"title":"YouthMents Kontakti | Dz\u012bvok\u013ci \u012brei R\u012bg\u0101 - YouthMents","description":"YouthMents kontakti: telefons +371 67458809, e-pasts info@youthments.com. Apmekl\u0113jiet m\u016bsu m\u0101jas lapu un rezerv\u0113jiet dz\u012bvokli pie mums!","robots":{"index":"index","follow":"follow","max-snippet":"max-snippet:-1","max-image-preview":"max-image-preview:large","max-video-preview":"max-video-preview:-1"},"canonical":"https:\/\/living.youthments.com\/lv\/youthments-kontakti\/","og_locale":"lv_LV","og_type":"article","og_title":"YouthMents Kontakti | Dz\u012bvok\u013ci \u012brei R\u012bg\u0101 - YouthMents","og_description":"YouthMents kontakti: telefons +371 67458809, e-pasts info@youthments.com. Apmekl\u0113jiet m\u016bsu m\u0101jas lapu un rezerv\u0113jiet dz\u012bvokli pie mums!","og_url":"https:\/\/living.youthments.com\/lv\/youthments-kontakti\/","og_site_name":"youthments.com","article_publisher":"https:\/\/www.facebook.com\/SMARTmentsRiga\/","article_modified_time":"2024-07-09T11:11:21+00:00","twitter_card":"summary_large_image","twitter_misc":{"Est. reading time":"2 minutes"},"schema":{"@context":"https:\/\/schema.org","@graph":[{"@type":"WebPage","@id":"https:\/\/living.youthments.com\/lv\/youthments-kontakti\/","url":"https:\/\/living.youthments.com\/lv\/youthments-kontakti\/","name":"YouthMents Kontakti | Dz\u012bvok\u013ci \u012brei R\u012bg\u0101 - YouthMents","isPartOf":{"@id":"https:\/\/living.youthments.com\/lv\/#website"},"datePublished":"2020-09-25T00:06:48+00:00","dateModified":"2024-07-09T11:11:21+00:00","description":"YouthMents kontakti: telefons +371 67458809, e-pasts info@youthments.com. Apmekl\u0113jiet m\u016bsu m\u0101jas lapu un rezerv\u0113jiet dz\u012bvokli pie mums!","breadcrumb":{"@id":"https:\/\/living.youthments.com\/lv\/youthments-kontakti\/#breadcrumb"},"inLanguage":"lv-LV","potentialAction":[{"@type":"ReadAction","target":["https:\/\/living.youthments.com\/lv\/youthments-kontakti\/"]}]},{"@type":"BreadcrumbList","@id":"https:\/\/living.youthments.com\/lv\/youthments-kontakti\/#breadcrumb","itemListElement":[{"@type":"ListItem","position":1,"name":"Home","item":"https:\/\/living.youthments.com\/lv\/"},{"@type":"ListItem","position":2,"name":"Kontakti"}]},{"@type":"WebSite","@id":"https:\/\/living.youthments.com\/lv\/#website","url":"https:\/\/living.youthments.com\/lv\/","name":"youthments.com","description":"Student Hotel in Riga","publisher":{"@id":"https:\/\/living.youthments.com\/lv\/#organization"},"potentialAction":[{"@type":"SearchAction","target":{"@type":"EntryPoint","urlTemplate":"https:\/\/living.youthments.com\/lv\/?s={search_term_string}"},"query-input":"required name=search_term_string"}],"inLanguage":"lv-LV"},{"@type":"Organization","@id":"https:\/\/living.youthments.com\/lv\/#organization","name":"SMARTments","url":"https:\/\/living.youthments.com\/lv\/","logo":{"@type":"ImageObject","inLanguage":"lv-LV","@id":"https:\/\/living.youthments.com\/lv\/#\/schema\/logo\/image\/","url":"https:\/\/living.youthments.com\/wp-content\/uploads\/2020\/12\/smartments-logo-en-1.png","contentUrl":"https:\/\/living.youthments.com\/wp-content\/uploads\/2020\/12\/smartments-logo-en-1.png","width":1068,"height":194,"caption":"SMARTments"},"image":{"@id":"https:\/\/living.youthments.com\/lv\/#\/schema\/logo\/image\/"},"sameAs":["https:\/\/www.facebook.com\/SMARTmentsRiga\/","https:\/\/www.instagram.com\/smartments.riga\/"]}]}},"_links":{"self":[{"href":"https:\/\/living.youthments.com\/lv\/wp-json\/wp\/v2\/pages\/916"}],"collection":[{"href":"https:\/\/living.youthments.com\/lv\/wp-json\/wp\/v2\/pages"}],"about":[{"href":"https:\/\/living.youthments.com\/lv\/wp-json\/wp\/v2\/types\/page"}],"author":[{"embeddable":true,"href":"https:\/\/living.youthments.com\/lv\/wp-json\/wp\/v2\/users\/1"}],"replies":[{"embeddable":true,"href":"https:\/\/living.youthments.com\/lv\/wp-json\/wp\/v2\/comments?post=916"}],"version-history":[{"count":19,"href":"https:\/\/living.youthments.com\/lv\/wp-json\/wp\/v2\/pages\/916\/revisions"}],"predecessor-version":[{"id":5643,"href":"https:\/\/living.youthments.com\/lv\/wp-json\/wp\/v2\/pages\/916\/revisions\/5643"}],"wp:attachment":[{"href":"https:\/\/living.youthments.com\/lv\/wp-json\/wp\/v2\/media?parent=916"}],"curies":[{"name":"wp","href":"https:\/\/api.w.org\/{rel}","templated":true}]}}