{"id":922,"date":"2020-09-25T05:41:50","date_gmt":"2020-09-25T02:41:50","guid":{"rendered":"https:\/\/smartments.psdev.lv\/faq\/"},"modified":"2024-04-24T15:13:46","modified_gmt":"2024-04-24T12:13:46","slug":"youthments-buj","status":"publish","type":"page","link":"https:\/\/living.youthments.com\/lv\/youthments-buj\/","title":{"rendered":"BUJ"},"content":{"rendered":"","protected":false},"excerpt":{"rendered":"","protected":false},"author":1,"featured_media":0,"parent":0,"menu_order":0,"comment_status":"closed","ping_status":"closed","template":"faq.php","meta":{"inline_featured_image":false},"acf":[],"yoast_head":"<!-- This site is optimized with the Yoast SEO plugin v21.8.1 - https:\/\/yoast.com\/wordpress\/plugins\/seo\/ -->\n<title>BUJ YouthMents | Bie\u017e\u0101k uzdotie jaut\u0101jumi - YouthMents R\u012bga<\/title>\n<meta name=\"description\" content=\"Sa\u0146em atbildes uz bie\u017e\u0101k uzdotajiem jaut\u0101jumiem (BUJ) par rezerv\u0101ciju YouthMents R\u012bga, m\u016bsu dz\u012bvok\u013ciem un pakalpojumiem, noteikumiem un lok\u0101ciju.\" \/>\n<meta name=\"robots\" content=\"index, follow, max-snippet:-1, max-image-preview:large, max-video-preview:-1\" \/>\n<link rel=\"canonical\" href=\"https:\/\/living.youthments.com\/lv\/youthments-buj\/\" \/>\n<meta property=\"og:locale\" content=\"lv_LV\" \/>\n<meta property=\"og:type\" content=\"article\" \/>\n<meta property=\"og:title\" content=\"BUJ YouthMents | Bie\u017e\u0101k uzdotie jaut\u0101jumi - YouthMents R\u012bga\" \/>\n<meta property=\"og:description\" content=\"Sa\u0146em atbildes uz bie\u017e\u0101k uzdotajiem jaut\u0101jumiem (BUJ) par rezerv\u0101ciju YouthMents R\u012bga, m\u016bsu dz\u012bvok\u013ciem un pakalpojumiem, noteikumiem un lok\u0101ciju.\" \/>\n<meta property=\"og:url\" content=\"https:\/\/living.youthments.com\/lv\/youthments-buj\/\" \/>\n<meta property=\"og:site_name\" content=\"youthments.com\" \/>\n<meta property=\"article:publisher\" content=\"https:\/\/www.facebook.com\/SMARTmentsRiga\/\" \/>\n<meta property=\"article:modified_time\" content=\"2024-04-24T12:13:46+00:00\" \/>\n<meta name=\"twitter:card\" content=\"summary_large_image\" \/>\n<script type=\"application\/ld+json\" class=\"yoast-schema-graph\">{\"@context\":\"https:\/\/schema.org\",\"@graph\":[{\"@type\":\"WebPage\",\"@id\":\"https:\/\/living.youthments.com\/lv\/youthments-buj\/\",\"url\":\"https:\/\/living.youthments.com\/lv\/youthments-buj\/\",\"name\":\"BUJ YouthMents | Bie\u017e\u0101k uzdotie jaut\u0101jumi - YouthMents R\u012bga\",\"isPartOf\":{\"@id\":\"https:\/\/living.youthments.com\/lv\/#website\"},\"datePublished\":\"2020-09-25T02:41:50+00:00\",\"dateModified\":\"2024-04-24T12:13:46+00:00\",\"description\":\"Sa\u0146em atbildes uz bie\u017e\u0101k uzdotajiem jaut\u0101jumiem (BUJ) par rezerv\u0101ciju YouthMents R\u012bga, m\u016bsu dz\u012bvok\u013ciem un pakalpojumiem, noteikumiem un lok\u0101ciju.\",\"breadcrumb\":{\"@id\":\"https:\/\/living.youthments.com\/lv\/youthments-buj\/#breadcrumb\"},\"inLanguage\":\"lv-LV\",\"potentialAction\":[{\"@type\":\"ReadAction\",\"target\":[\"https:\/\/living.youthments.com\/lv\/youthments-buj\/\"]}]},{\"@type\":\"BreadcrumbList\",\"@id\":\"https:\/\/living.youthments.com\/lv\/youthments-buj\/#breadcrumb\",\"itemListElement\":[{\"@type\":\"ListItem\",\"position\":1,\"name\":\"Home\",\"item\":\"https:\/\/living.youthments.com\/lv\/\"},{\"@type\":\"ListItem\",\"position\":2,\"name\":\"BUJ\"}]},{\"@type\":\"WebSite\",\"@id\":\"https:\/\/living.youthments.com\/lv\/#website\",\"url\":\"https:\/\/living.youthments.com\/lv\/\",\"name\":\"youthments.com\",\"description\":\"Student Hotel in Riga\",\"publisher\":{\"@id\":\"https:\/\/living.youthments.com\/lv\/#organization\"},\"potentialAction\":[{\"@type\":\"SearchAction\",\"target\":{\"@type\":\"EntryPoint\",\"urlTemplate\":\"https:\/\/living.youthments.com\/lv\/?s={search_term_string}\"},\"query-input\":\"required name=search_term_string\"}],\"inLanguage\":\"lv-LV\"},{\"@type\":\"Organization\",\"@id\":\"https:\/\/living.youthments.com\/lv\/#organization\",\"name\":\"SMARTments\",\"url\":\"https:\/\/living.youthments.com\/lv\/\",\"logo\":{\"@type\":\"ImageObject\",\"inLanguage\":\"lv-LV\",\"@id\":\"https:\/\/living.youthments.com\/lv\/#\/schema\/logo\/image\/\",\"url\":\"https:\/\/living.youthments.com\/wp-content\/uploads\/2020\/12\/smartments-logo-en-1.png\",\"contentUrl\":\"https:\/\/living.youthments.com\/wp-content\/uploads\/2020\/12\/smartments-logo-en-1.png\",\"width\":1068,\"height\":194,\"caption\":\"SMARTments\"},\"image\":{\"@id\":\"https:\/\/living.youthments.com\/lv\/#\/schema\/logo\/image\/\"},\"sameAs\":[\"https:\/\/www.facebook.com\/SMARTmentsRiga\/\",\"https:\/\/www.instagram.com\/smartments.riga\/\"]}]}<\/script>\n<!-- \/ Yoast SEO plugin. -->","yoast_head_json":{"title":"BUJ YouthMents | Bie\u017e\u0101k uzdotie jaut\u0101jumi - YouthMents R\u012bga","description":"Sa\u0146em atbildes uz bie\u017e\u0101k uzdotajiem jaut\u0101jumiem (BUJ) par rezerv\u0101ciju YouthMents R\u012bga, m\u016bsu dz\u012bvok\u013ciem un pakalpojumiem, noteikumiem un lok\u0101ciju.","robots":{"index":"index","follow":"follow","max-snippet":"max-snippet:-1","max-image-preview":"max-image-preview:large","max-video-preview":"max-video-preview:-1"},"canonical":"https:\/\/living.youthments.com\/lv\/youthments-buj\/","og_locale":"lv_LV","og_type":"article","og_title":"BUJ YouthMents | Bie\u017e\u0101k uzdotie jaut\u0101jumi - YouthMents R\u012bga","og_description":"Sa\u0146em atbildes uz bie\u017e\u0101k uzdotajiem jaut\u0101jumiem (BUJ) par rezerv\u0101ciju YouthMents R\u012bga, m\u016bsu dz\u012bvok\u013ciem un pakalpojumiem, noteikumiem un lok\u0101ciju.","og_url":"https:\/\/living.youthments.com\/lv\/youthments-buj\/","og_site_name":"youthments.com","article_publisher":"https:\/\/www.facebook.com\/SMARTmentsRiga\/","article_modified_time":"2024-04-24T12:13:46+00:00","twitter_card":"summary_large_image","schema":{"@context":"https:\/\/schema.org","@graph":[{"@type":"WebPage","@id":"https:\/\/living.youthments.com\/lv\/youthments-buj\/","url":"https:\/\/living.youthments.com\/lv\/youthments-buj\/","name":"BUJ YouthMents | Bie\u017e\u0101k uzdotie jaut\u0101jumi - YouthMents R\u012bga","isPartOf":{"@id":"https:\/\/living.youthments.com\/lv\/#website"},"datePublished":"2020-09-25T02:41:50+00:00","dateModified":"2024-04-24T12:13:46+00:00","description":"Sa\u0146em atbildes uz bie\u017e\u0101k uzdotajiem jaut\u0101jumiem (BUJ) par rezerv\u0101ciju YouthMents R\u012bga, m\u016bsu dz\u012bvok\u013ciem un pakalpojumiem, noteikumiem un lok\u0101ciju.","breadcrumb":{"@id":"https:\/\/living.youthments.com\/lv\/youthments-buj\/#breadcrumb"},"inLanguage":"lv-LV","potentialAction":[{"@type":"ReadAction","target":["https:\/\/living.youthments.com\/lv\/youthments-buj\/"]}]},{"@type":"BreadcrumbList","@id":"https:\/\/living.youthments.com\/lv\/youthments-buj\/#breadcrumb","itemListElement":[{"@type":"ListItem","position":1,"name":"Home","item":"https:\/\/living.youthments.com\/lv\/"},{"@type":"ListItem","position":2,"name":"BUJ"}]},{"@type":"WebSite","@id":"https:\/\/living.youthments.com\/lv\/#website","url":"https:\/\/living.youthments.com\/lv\/","name":"youthments.com","description":"Student Hotel in Riga","publisher":{"@id":"https:\/\/living.youthments.com\/lv\/#organization"},"potentialAction":[{"@type":"SearchAction","target":{"@type":"EntryPoint","urlTemplate":"https:\/\/living.youthments.com\/lv\/?s={search_term_string}"},"query-input":"required name=search_term_string"}],"inLanguage":"lv-LV"},{"@type":"Organization","@id":"https:\/\/living.youthments.com\/lv\/#organization","name":"SMARTments","url":"https:\/\/living.youthments.com\/lv\/","logo":{"@type":"ImageObject","inLanguage":"lv-LV","@id":"https:\/\/living.youthments.com\/lv\/#\/schema\/logo\/image\/","url":"https:\/\/living.youthments.com\/wp-content\/uploads\/2020\/12\/smartments-logo-en-1.png","contentUrl":"https:\/\/living.youthments.com\/wp-content\/uploads\/2020\/12\/smartments-logo-en-1.png","width":1068,"height":194,"caption":"SMARTments"},"image":{"@id":"https:\/\/living.youthments.com\/lv\/#\/schema\/logo\/image\/"},"sameAs":["https:\/\/www.facebook.com\/SMARTmentsRiga\/","https:\/\/www.instagram.com\/smartments.riga\/"]}]}},"_links":{"self":[{"href":"https:\/\/living.youthments.com\/lv\/wp-json\/wp\/v2\/pages\/922"}],"collection":[{"href":"https:\/\/living.youthments.com\/lv\/wp-json\/wp\/v2\/pages"}],"about":[{"href":"https:\/\/living.youthments.com\/lv\/wp-json\/wp\/v2\/types\/page"}],"author":[{"embeddable":true,"href":"https:\/\/living.youthments.com\/lv\/wp-json\/wp\/v2\/users\/1"}],"replies":[{"embeddable":true,"href":"https:\/\/living.youthments.com\/lv\/wp-json\/wp\/v2\/comments?post=922"}],"version-history":[{"count":19,"href":"https:\/\/living.youthments.com\/lv\/wp-json\/wp\/v2\/pages\/922\/revisions"}],"predecessor-version":[{"id":5633,"href":"https:\/\/living.youthments.com\/lv\/wp-json\/wp\/v2\/pages\/922\/revisions\/5633"}],"wp:attachment":[{"href":"https:\/\/living.youthments.com\/lv\/wp-json\/wp\/v2\/media?parent=922"}],"curies":[{"name":"wp","href":"https:\/\/api.w.org\/{rel}","templated":true}]}}