{"id":931,"date":"2020-09-25T05:40:42","date_gmt":"2020-09-25T02:40:42","guid":{"rendered":"https:\/\/smartments.psdev.lv\/internal-rules-of-procedure\/"},"modified":"2023-08-22T12:26:29","modified_gmt":"2023-08-22T09:26:29","slug":"rezervacijas-noteikumi","status":"publish","type":"page","link":"https:\/\/living.youthments.com\/lv\/rezervacijas-noteikumi\/","title":{"rendered":"Rezerv\u0101cijas noteikumi"},"content":{"rendered":"<table style=\"border-collapse: collapse; width: 100%; height: 24px;\">\n<tbody>\n<tr style=\"height: 24px;\">\n<td style=\"width: 46.9543%; height: 24px;\">&nbsp;<\/p>\n<p><strong>These are booking conditions of YouthMents Living. Please read them before you make a reservation.<\/strong><\/p>\n<p>1. Reservation of YouthMents Living apartments can be made on the website <a href=\"https:\/\/youthments.com\/\">www.youthments.com<\/a>.<\/p>\n<p>2. In the YouthMents <a href=\"https:\/\/living.youthments.com\/sirvoy-booking-form\/?type=234\">booking form<\/a>\u00a0you must select check-in and check-out date (at least 30 days) and press &#8220;Search&#8221; button. If there are available apartments, you will see them. If not, you can check the availability calendar and find when your desired apartment type is available. Select the apartment type you wish to book. If you want to add bedding &amp; towel set to your reservation, scroll down and select it. Then press &#8220;Next step&#8221;.\u00a0 Fill out all information required in the booking form and press &#8220;Book now&#8221;. After submitting the booking form, Youthments Ltd. Requisites will be sent to your e-mail. In order to guarantee your booking, you have to pay a security deposit in the amount of 1 month\u2019s rent to our bank account within 24 hours. After we receive the payment in our bank account (that can take 3 &#8211; 5 days), we will send you a confirmation letter.<\/p>\n<p>3. If we don&#8217;t receive the payment of the security deposit in our bank account within 5 working days, your reservation will be canceled.<\/p>\n<p>4. If the money transfer requires more than 5 working days, you should send a payment order to our e-mail &#x69;n&#x66;&#111;&#64;&#x79;&#111;&#x75;&#x74;h&#x6d;&#101;n&#x74;&#115;&#x2e;&#99;o&#x6d;.<\/p>\n<p>5. You can cancel your reservation free of charge 1 month (30 days) prior to arrival. After that the security deposit is non-refundable.<\/p>\n<p>6. The security deposit is refunded to you at the end of the rental period in accordance with the terms of the residential tenancy agreement.<\/p>\n<p>7. On the YouthMents website, it is possible to book an apartment for a long term only (30 days and more). If you want to book an apartment for a shorter period (less than one month), please do that through <a href=\"https:\/\/www.booking.com\/hotel\/lv\/youthments-living.en-gb.html?aid=356980&amp;label=gog235jc-1DCAsoigFCEXlvdXRobWVudHMtbGl2aW5nSDNYA2iKAYgBAZgBCbgBGMgBDNgBA-gBAfgBA4gCAagCBLgCgM3-oQbAAgHSAiQ0OTU1NmQzMC1mNzgyLTQ1NjQtYWNiNS04NWFkNDc2NWQxNTbYAgTgAgE&amp;sid=0022cfe47367bfef6b3dba2595ef5995&amp;keep_landing=1&amp;sb_price_type=total&amp;type=total&amp;auth_success=1\">Booking.com<\/a> or <a href=\"https:\/\/www.airbnb.com\/users\/show\/508517663\">Airbnb.com<\/a>.<\/p>\n<p>8. Bedding and towel set is not included in the apartment price. If you wish to have a bedding and towel set upon arrival, please select this option at the time of the booking. If you don&#8217;t select this option, you should bring your own bedding and towels. It won&#8217;t be possible to arrange this service at the time of your arrival. Therefore add this option to your reservation in advance. YouthMents Living will not be responsible for the absence of bed linen and towels in the apartment upon arrival, if such option was not selected in advance.<\/p>\n<p>9. There is no reception at YouthMents Living. You do the self-check-in upon arrival. You will receive all information one day before arrival.<\/p>\n<p>10. Together with self-check-in information, you will also receive an invoice (rent for the first month (30 days) and the fee for the bedding &amp; towel set, if such was chosen). You can pay by bank transfer only.<\/p>\n<p>11. Monthly invoice is sent to your e-mail every month for the following month. You have seven days to pay the invoice.<\/p>\n<p>12. At the end of your residential tenancy agreement you pay the rent for the remaining days not for the whole month.<\/p>\n<p>13. It is possible to change your arrival date by contacting the rental office via e-mail &#x69;&#x6e;&#x66;&#x6f;&#x40;&#x79;&#x6f;&#x75;&#x74;&#x68;&#x6d;&#x65;&#x6e;&#x74;&#x73;&#x2e;&#x63;&#x6f;&#x6d;. You need to inform us at least 5 days before arrival.<\/p>\n<p>14. After the invoice for the first rental month is issued, you can&#8217;t change the arrival date.<\/p>\n<p>15. It is possible to change the booked apartment to another category, if available, by notifying the rental office at least 5 days before arrival.<\/p>\n<p>16. It is possible to change your departure date by notifying the rental office at least 30 days before departure. When the last invoice is issued, your departure date can&#8217;t be changed.<\/p>\n<p>17. By changing an apartment to another category, the fixed rent also changes.<\/p>\n<p>18. Payment at the moment of the reservation, as well as all future rent payments, include all costs related to the maintenance of the apartment, utility costs (heating, water), electricity, internet, basic kitchen utensils, access to self-service laundry and from the bicycle storage, permit to park the car in the courtyard.<\/p>\n<p>19. You need to notify us about the maintenance work needed to be done in the apartment as soon as you notice it. Our maintenance team will inspect the issue and plan repairs. It can take from one to three weeks.<\/p>\n<p>20. You can make a reservation at YouthMents Living if you are at least 18 years old.<\/p>\n<p>21. YouthMents Living has 4 floors and no elevator.<\/p>\n<p>22. YouthMents Living is not responsible for the behavior of the tenants living next to you, may they be cultural, religious or lifestyle differences.<\/p>\n<p>23. Before submitting the booking form, you have read these booking conditions, the <a href=\"https:\/\/living.youthments.com\/wp-content\/uploads\/2023\/08\/Agreement_YouthMents-Living.pdf\">lease contract<\/a> and the <a href=\"https:\/\/living.youthments.com\/wp-content\/uploads\/2023\/08\/ENG_Internal-regulations.pdf\">internal regulations<\/a>, agree with them and undertake to comply with them.<\/td>\n<td style=\"width: 53.0457%; height: 24px;\"><strong>\u0160eit atrodami YouthMents Living rezerv\u0101cijas noteikumi. L\u016bdzu, izlasiet tos pirms veiciet rezerv\u0101ciju.<\/strong><\/p>\n<p>1. Rezerv\u0113t YouthMents Living dz\u012bvok\u013cus iesp\u0113jams m\u0101jaslap\u0101 <a href=\"https:\/\/youthments.com\/\">www.youthments.com<\/a>.<\/p>\n<p>2. YouthMents m\u0101jaslapas <a href=\"https:\/\/living.youthments.com\/sirvoy-booking-form\/?type=234\">rezerv\u0113\u0161anas form\u0101<\/a> j\u0101izv\u0113las re\u0123istr\u0113\u0161an\u0101s un izbrauk\u0161anas datums (vismaz 30 dienas) un j\u0101uzklik\u0161\u0137ina uz &#8220;Mekl\u0113t&#8221;. Ja dz\u012bvok\u013ci b\u016bs pieejami, tie par\u0101d\u012bsies mekl\u0113\u0161anas rezult\u0101tos. Ja dz\u012bvok\u013ci nepar\u0101d\u0101s, tad j\u016bs varat apl\u016bkot pieejam\u012bbas kalend\u0101ru un atrast datumu, kad j\u016bsu izv\u0113l\u0113tais dz\u012bvok\u013ca veids ir pieejams. Izv\u0113laties dz\u012bvok\u013ca veidu, uzklik\u0161\u0137inot uz &#8220;Atlas\u012bt&#8221;. Ja v\u0113laties, tad pievienojiet rezerv\u0101cijai gultas piederumu un dvie\u013cu komplektu. Tad klik\u0161\u0137iniet uz &#8220;N\u0101kamais solis&#8221;. Aizpildiet visu rezerv\u0113\u0161anas form\u0101 pras\u012bto inform\u0101ciju un uzklik\u0161\u0137iniet uz &#8220;Rezerv\u0113t t\u016bl\u012bt&#8221;. P\u0113c rezerv\u0113\u0161anas formas iesnieg\u0161anas uz j\u016bsu nor\u0101d\u012bto e-pastu tiks nos\u016bt\u012bti Youthments SIA rekviz\u012bti. Lai garant\u0113tu savu rezerv\u0101ciju jums j\u0101iemaks\u0101 dro\u0161\u012bbas nauda viena \u012bres m\u0113ne\u0161a apm\u0113r\u0101 m\u016bsu bankas kont\u0101 24 stundu laik\u0101. Kad sa\u0146emsim dro\u0161\u012bbas naudu m\u016bsu bankas kont\u0101 (tas var aiz\u0146emt 3 &#8211; 5 dienas), tev jums nos\u016bt\u012bts rezerv\u0101cijas apstiprin\u0101jums.<\/p>\n<p>3. Ja nesa\u0146emsim dro\u0161\u012bbas naudu m\u016bsu bankas kont\u0101 5 darba dienu laik\u0101, j\u016bsu rezerv\u0101cija tiks atcelta.<\/p>\n<p>4. Ja naudas p\u0101rskait\u012bjumam nepiecie\u0161ams ilg\u0101k par 5 darba dien\u0101m, tad jums j\u0101ats\u016bta maks\u0101juma uzdevuma kopija uz e-pastu &#x69;&#110;f&#x6f;&#x40;&#121;o&#x75;&#x74;&#104;m&#x65;&#x6e;&#116;s&#x2e;&#x63;&#111;m.<\/p>\n<p>5. Rezerv\u0101ciju bezmaksas iesp\u0113jams atcelt 1 m\u0113nesi (30 dienas) pirms iebrauk\u0161anas. P\u0113c tam iemaks\u0101t\u0101 dro\u0161\u012bbas nauda netiek atgriezta.<\/p>\n<p>6. Dro\u0161\u012bbas nauda tiek atmaks\u0101ta jums atpaka\u013c p\u0113c \u012bres perioda beig\u0101m saska\u0146\u0101 ar dz\u012bvojam\u0101s telpas \u012bres l\u012bguma noteikumiem.<\/p>\n<p>7. YouthMents m\u0101jaslap\u0101 iesp\u0113jams rezerv\u0113t dz\u012bvokli tikai ilgtermi\u0146\u0101 (30 dienas un vair\u0101k). Ja nepiecie\u0161ams rezerv\u0113t dz\u012bvokli \u012bstermi\u0146\u0101 (maz\u0101k k\u0101 viens m\u0113nesis), tad, l\u016bdzu, veiciet rezerv\u0101ciju <a href=\"https:\/\/www.booking.com\/hotel\/lv\/youthments-living.en-gb.html?aid=356980&amp;label=gog235jc-1DCAsoigFCEXlvdXRobWVudHMtbGl2aW5nSDNYA2iKAYgBAZgBCbgBGMgBDNgBA-gBAfgBA4gCAagCBLgCgM3-oQbAAgHSAiQ0OTU1NmQzMC1mNzgyLTQ1NjQtYWNiNS04NWFkNDc2NWQxNTbYAgTgAgE&amp;sid=0022cfe47367bfef6b3dba2595ef5995&amp;keep_landing=1&amp;sb_price_type=total&amp;type=total&amp;auth_success=1\">Booking.com<\/a> vai <a href=\"https:\/\/www.airbnb.com\/users\/show\/508517663\">Airbnb.com<\/a>.<\/p>\n<p>8. Gultas piederumu un dvie\u013cu komplekts nav iek\u013cauts dz\u012bvok\u013ca cen\u0101. Ja v\u0113laties, lai gultas piederumu un dvie\u013cu komlekts b\u016btu dz\u012bvokl\u012b j\u016bsu iebrauk\u0161anas dien\u0101, tad jums j\u0101izv\u0113las \u0161is papildpakalpojums rezerv\u0101cijas br\u012bd\u012b. Ja neizv\u0113l\u0113sieties \u0161o papildpakalpojumu, tad neaizmirstiet pa\u0146emt l\u012bdzi savus gultas piederumus un dvie\u013cus. \u0160o pakalpojumu neb\u016bs iesp\u0113jams sa\u0146emt uz vietas iebrauk\u0161anas dien\u0101. T\u0101p\u0113c pievienojiet \u0161o pakalpojumu rezerv\u0101cijai jau iepriek\u0161. YouthMents Living nav atbild\u012bgs, ja j\u016bsu iebrauk\u0161anas dien\u0101 dz\u012bvokl\u012b nav gultas piederumi un dvie\u013ci, ja tie iepriek\u0161 nebija izv\u0113l\u0113ti k\u0101 papildpakalpojums.<\/p>\n<p>9. YouthMents Living \u0113k\u0101 nav recepcijas. Dz\u012bvokl\u012b j\u016bs iebrauksiet patst\u0101v\u012bgi. J\u016bs sa\u0146emsiet pa\u0161re\u0123istr\u0113\u0161an\u0101s inform\u0101ciju dienu pirms iebrauk\u0161anas.<\/p>\n<p>10. Kop\u0101 ar pa\u0161re\u0123istr\u0113\u0161an\u0101s inform\u0101ciju j\u016bs sa\u0146emsiet ar\u012b r\u0113\u0137inu par pirmo \u012bres m\u0113nesi (30 dien\u0101m) un maksu par gultas piederumu un dvie\u013cu komplektu, ja t\u0101ds izv\u0113l\u0113ts. Maks\u0101t var tikai ar bankas p\u0101rskait\u012bjumu.<\/p>\n<p>11. Maksa par \u012bri tiek izs\u016bt\u012bta katru m\u0113nesi par n\u0101ko\u0161o m\u0113nesi. Jums ir dotas septi\u0146as dienas, lai apmaks\u0101tu r\u0113\u0137inu.<\/p>\n<p>12. Dz\u012bvojam\u0101s telpas \u012bres l\u012bguma beig\u0101s j\u016bs maks\u0101jiet par paliku\u0161aj\u0101m dien\u0101m, nevis par veselu m\u0113nesi.<\/p>\n<p>13. Par iebrauk\u0161anas datuma mai\u0146u ir iesp\u0113jams vienoties ar administr\u0101ciju, rakstot uz e-pastu in&#102;&#111;&#64;&#x79;&#x6f;&#x75;&#x74;&#x68;me&#110;&#116;&#115;&#x2e;&#x63;&#x6f;&#x6d;. Jums nepiecie\u0161ams m\u016bs inform\u0113t vismaz 5 dienas pirms iebrauk\u0161anas.<\/p>\n<p>14. P\u0113c tam, kad ir izveidots r\u0113\u0137ins par pirmo \u012bres m\u0113nesi, iebrauk\u0161anas datumu main\u012bt nav iesp\u0113jams.<\/p>\n<p>15. Rezerv\u0113t\u0101 dz\u012bvok\u013ca mai\u0146a uz citas kategorijas dz\u012bvokli, ja tas ir pieejams, ir iesp\u0113jama, pazi\u0146ojot par to administr\u0101cijai vismaz 5 dienas pirms iera\u0161an\u0101s.<\/p>\n<p>16. Izbrauk\u0161anas datumu ir iesp\u0113jams main\u012bt, pazi\u0146ojot par to administr\u0101cijai vismaz 30 dienas iepriek\u0161. P\u0113c tam, kad ir izveidots p\u0113d\u0113j\u0101 m\u0113ne\u0161a r\u0113\u0137ins, izbrauk\u0161anas datumu main\u012bt nav iesp\u0113jams.<\/p>\n<p>17. Mainot dz\u012bvokli uz citas kategorijas dz\u012bvokli, tiek main\u012bta ar\u012b fiks\u0113t\u0101 \u012bres maksa atbilsto\u0161i dz\u012bvok\u013ca kategorijai.<\/p>\n<p>18. Rezerv\u0101cijas maks\u0101, k\u0101 ar\u012b turpm\u0101kajos \u012bres maks\u0101jumos, ir iek\u013cautas visas izmaksas, kas saist\u012btas ar dz\u012bvok\u013ca uztur\u0113\u0161anu un apsaimnieko\u0161anu, maksa par komun\u0101lajiem pakalpojumiem (apkuri, \u016bdeni), elektr\u012bba, internets, pamata virtuves piederumi, pieeja pa\u0161apkalpo\u0161an\u0101s ve\u013cas mazg\u0101tavai un velosip\u0113du novietnei, at\u013cauja ma\u0161\u012bnas novieto\u0161anai pagalm\u0101.<\/p>\n<p>19. Jums mums j\u0101pazi\u0146o par nepiecie\u0161amajiem dz\u012bvok\u013ca remontdarbiem tikl\u012bdz paman\u0101t k\u0101das nepiln\u012bbas. M\u016bsu komanda apl\u016bkos probl\u0113mu un pl\u0101nos remontdarbus. Tas var aiz\u0146emt no vienas l\u012bdz trim ned\u0113\u013c\u0101m.<\/p>\n<p>20. J\u016bs varat veikt rezerv\u0101ciju YouthMents Living, ja esat sasniedzis 18 gadu vecumu.<\/p>\n<p>21. YouthMents Living \u0113ka sast\u0101v no \u010detriem st\u0101viem un tai nav lifta.<\/p>\n<p>22. YouthMents neatbild par jums blakus dz\u012bvojo\u0161o \u012brnieku uzved\u012bbu, kult\u016bras, reli\u0123ijas vai dz\u012bvesveida at\u0161\u0137ir\u012bb\u0101m.<\/p>\n<p>23. Pirms rezerv\u0101cijas formas iesnieg\u0161anas, j\u016bs esat iepazinies\/usies ar \u0161iem rezerv\u0101cijas noteikumiem, <a href=\"https:\/\/living.youthments.com\/wp-content\/uploads\/2023\/08\/Agreement_YouthMents-Living.pdf\">\u012bres l\u012bguma paraugu<\/a> un \u0113kas<a href=\"https:\/\/living.youthments.com\/wp-content\/uploads\/2023\/08\/LV_Ieksejas-kartibas-noteikumi.pdf\"> iek\u0161\u0113jiem k\u0101rt\u012bbas noteikumiem<\/a>, piekr\u012btiet tiem un ap\u0146ematies tos iev\u0113rot.<\/td>\n<\/tr>\n<\/tbody>\n<\/table>\n","protected":false},"excerpt":{"rendered":"<p>&nbsp; These are booking conditions of YouthMents Living. Please read them before you make a reservation. 1. Reservation of YouthMents Living apartments can be made on the website www.youthments.com. 2. In the YouthMents booking form\u00a0you must select check-in and check-out date (at least 30 days) and press &#8220;Search&#8221; button. If there are available apartments, you&#8230;<\/p>\n","protected":false},"author":1,"featured_media":0,"parent":0,"menu_order":0,"comment_status":"closed","ping_status":"closed","template":"","meta":{"inline_featured_image":false},"acf":[],"yoast_head":"<!-- This site is optimized with the Yoast SEO plugin v21.8.1 - https:\/\/yoast.com\/wordpress\/plugins\/seo\/ -->\n<title>Rezerv\u0101cijas noteikumi YouthMents | Studentu istabas R\u012bg\u0101<\/title>\n<meta name=\"description\" content=\"\u0160aj\u0101 sada\u013c\u0101 atrodami studentu viesn\u012bcas YouthMents rezerv\u0101cijas noteikumi. Izlasi tos pirms veic rezerv\u0101ciju dienesta viesn\u012bcas rezerv\u0113\u0161anas sist\u0113m\u0101!\" \/>\n<meta name=\"robots\" content=\"index, follow, max-snippet:-1, max-image-preview:large, max-video-preview:-1\" \/>\n<link rel=\"canonical\" href=\"https:\/\/living.youthments.com\/lv\/rezervacijas-noteikumi\/\" \/>\n<meta property=\"og:locale\" content=\"lv_LV\" \/>\n<meta property=\"og:type\" content=\"article\" \/>\n<meta property=\"og:title\" content=\"Rezerv\u0101cijas noteikumi YouthMents | Studentu istabas R\u012bg\u0101\" \/>\n<meta property=\"og:description\" content=\"\u0160aj\u0101 sada\u013c\u0101 atrodami studentu viesn\u012bcas YouthMents rezerv\u0101cijas noteikumi. Izlasi tos pirms veic rezerv\u0101ciju dienesta viesn\u012bcas rezerv\u0113\u0161anas sist\u0113m\u0101!\" \/>\n<meta property=\"og:url\" content=\"https:\/\/living.youthments.com\/lv\/rezervacijas-noteikumi\/\" \/>\n<meta property=\"og:site_name\" content=\"youthments.com\" \/>\n<meta property=\"article:publisher\" content=\"https:\/\/www.facebook.com\/SMARTmentsRiga\/\" \/>\n<meta property=\"article:modified_time\" content=\"2023-08-22T09:26:29+00:00\" \/>\n<meta name=\"twitter:card\" content=\"summary_large_image\" \/>\n<meta name=\"twitter:label1\" content=\"Est. reading time\" \/>\n\t<meta name=\"twitter:data1\" content=\"7 minutes\" \/>\n<script type=\"application\/ld+json\" class=\"yoast-schema-graph\">{\"@context\":\"https:\/\/schema.org\",\"@graph\":[{\"@type\":\"WebPage\",\"@id\":\"https:\/\/living.youthments.com\/lv\/rezervacijas-noteikumi\/\",\"url\":\"https:\/\/living.youthments.com\/lv\/rezervacijas-noteikumi\/\",\"name\":\"Rezerv\u0101cijas noteikumi YouthMents | Studentu istabas R\u012bg\u0101\",\"isPartOf\":{\"@id\":\"https:\/\/living.youthments.com\/lv\/#website\"},\"datePublished\":\"2020-09-25T02:40:42+00:00\",\"dateModified\":\"2023-08-22T09:26:29+00:00\",\"description\":\"\u0160aj\u0101 sada\u013c\u0101 atrodami studentu viesn\u012bcas YouthMents rezerv\u0101cijas noteikumi. Izlasi tos pirms veic rezerv\u0101ciju dienesta viesn\u012bcas rezerv\u0113\u0161anas sist\u0113m\u0101!\",\"breadcrumb\":{\"@id\":\"https:\/\/living.youthments.com\/lv\/rezervacijas-noteikumi\/#breadcrumb\"},\"inLanguage\":\"lv-LV\",\"potentialAction\":[{\"@type\":\"ReadAction\",\"target\":[\"https:\/\/living.youthments.com\/lv\/rezervacijas-noteikumi\/\"]}]},{\"@type\":\"BreadcrumbList\",\"@id\":\"https:\/\/living.youthments.com\/lv\/rezervacijas-noteikumi\/#breadcrumb\",\"itemListElement\":[{\"@type\":\"ListItem\",\"position\":1,\"name\":\"Home\",\"item\":\"https:\/\/living.youthments.com\/lv\/\"},{\"@type\":\"ListItem\",\"position\":2,\"name\":\"Rezerv\u0101cijas noteikumi\"}]},{\"@type\":\"WebSite\",\"@id\":\"https:\/\/living.youthments.com\/lv\/#website\",\"url\":\"https:\/\/living.youthments.com\/lv\/\",\"name\":\"youthments.com\",\"description\":\"Student Hotel in Riga\",\"publisher\":{\"@id\":\"https:\/\/living.youthments.com\/lv\/#organization\"},\"potentialAction\":[{\"@type\":\"SearchAction\",\"target\":{\"@type\":\"EntryPoint\",\"urlTemplate\":\"https:\/\/living.youthments.com\/lv\/?s={search_term_string}\"},\"query-input\":\"required name=search_term_string\"}],\"inLanguage\":\"lv-LV\"},{\"@type\":\"Organization\",\"@id\":\"https:\/\/living.youthments.com\/lv\/#organization\",\"name\":\"SMARTments\",\"url\":\"https:\/\/living.youthments.com\/lv\/\",\"logo\":{\"@type\":\"ImageObject\",\"inLanguage\":\"lv-LV\",\"@id\":\"https:\/\/living.youthments.com\/lv\/#\/schema\/logo\/image\/\",\"url\":\"https:\/\/living.youthments.com\/wp-content\/uploads\/2020\/12\/smartments-logo-en-1.png\",\"contentUrl\":\"https:\/\/living.youthments.com\/wp-content\/uploads\/2020\/12\/smartments-logo-en-1.png\",\"width\":1068,\"height\":194,\"caption\":\"SMARTments\"},\"image\":{\"@id\":\"https:\/\/living.youthments.com\/lv\/#\/schema\/logo\/image\/\"},\"sameAs\":[\"https:\/\/www.facebook.com\/SMARTmentsRiga\/\",\"https:\/\/www.instagram.com\/smartments.riga\/\"]}]}<\/script>\n<!-- \/ Yoast SEO plugin. -->","yoast_head_json":{"title":"Rezerv\u0101cijas noteikumi YouthMents | Studentu istabas R\u012bg\u0101","description":"\u0160aj\u0101 sada\u013c\u0101 atrodami studentu viesn\u012bcas YouthMents rezerv\u0101cijas noteikumi. Izlasi tos pirms veic rezerv\u0101ciju dienesta viesn\u012bcas rezerv\u0113\u0161anas sist\u0113m\u0101!","robots":{"index":"index","follow":"follow","max-snippet":"max-snippet:-1","max-image-preview":"max-image-preview:large","max-video-preview":"max-video-preview:-1"},"canonical":"https:\/\/living.youthments.com\/lv\/rezervacijas-noteikumi\/","og_locale":"lv_LV","og_type":"article","og_title":"Rezerv\u0101cijas noteikumi YouthMents | Studentu istabas R\u012bg\u0101","og_description":"\u0160aj\u0101 sada\u013c\u0101 atrodami studentu viesn\u012bcas YouthMents rezerv\u0101cijas noteikumi. Izlasi tos pirms veic rezerv\u0101ciju dienesta viesn\u012bcas rezerv\u0113\u0161anas sist\u0113m\u0101!","og_url":"https:\/\/living.youthments.com\/lv\/rezervacijas-noteikumi\/","og_site_name":"youthments.com","article_publisher":"https:\/\/www.facebook.com\/SMARTmentsRiga\/","article_modified_time":"2023-08-22T09:26:29+00:00","twitter_card":"summary_large_image","twitter_misc":{"Est. reading time":"7 minutes"},"schema":{"@context":"https:\/\/schema.org","@graph":[{"@type":"WebPage","@id":"https:\/\/living.youthments.com\/lv\/rezervacijas-noteikumi\/","url":"https:\/\/living.youthments.com\/lv\/rezervacijas-noteikumi\/","name":"Rezerv\u0101cijas noteikumi YouthMents | Studentu istabas R\u012bg\u0101","isPartOf":{"@id":"https:\/\/living.youthments.com\/lv\/#website"},"datePublished":"2020-09-25T02:40:42+00:00","dateModified":"2023-08-22T09:26:29+00:00","description":"\u0160aj\u0101 sada\u013c\u0101 atrodami studentu viesn\u012bcas YouthMents rezerv\u0101cijas noteikumi. Izlasi tos pirms veic rezerv\u0101ciju dienesta viesn\u012bcas rezerv\u0113\u0161anas sist\u0113m\u0101!","breadcrumb":{"@id":"https:\/\/living.youthments.com\/lv\/rezervacijas-noteikumi\/#breadcrumb"},"inLanguage":"lv-LV","potentialAction":[{"@type":"ReadAction","target":["https:\/\/living.youthments.com\/lv\/rezervacijas-noteikumi\/"]}]},{"@type":"BreadcrumbList","@id":"https:\/\/living.youthments.com\/lv\/rezervacijas-noteikumi\/#breadcrumb","itemListElement":[{"@type":"ListItem","position":1,"name":"Home","item":"https:\/\/living.youthments.com\/lv\/"},{"@type":"ListItem","position":2,"name":"Rezerv\u0101cijas noteikumi"}]},{"@type":"WebSite","@id":"https:\/\/living.youthments.com\/lv\/#website","url":"https:\/\/living.youthments.com\/lv\/","name":"youthments.com","description":"Student Hotel in Riga","publisher":{"@id":"https:\/\/living.youthments.com\/lv\/#organization"},"potentialAction":[{"@type":"SearchAction","target":{"@type":"EntryPoint","urlTemplate":"https:\/\/living.youthments.com\/lv\/?s={search_term_string}"},"query-input":"required name=search_term_string"}],"inLanguage":"lv-LV"},{"@type":"Organization","@id":"https:\/\/living.youthments.com\/lv\/#organization","name":"SMARTments","url":"https:\/\/living.youthments.com\/lv\/","logo":{"@type":"ImageObject","inLanguage":"lv-LV","@id":"https:\/\/living.youthments.com\/lv\/#\/schema\/logo\/image\/","url":"https:\/\/living.youthments.com\/wp-content\/uploads\/2020\/12\/smartments-logo-en-1.png","contentUrl":"https:\/\/living.youthments.com\/wp-content\/uploads\/2020\/12\/smartments-logo-en-1.png","width":1068,"height":194,"caption":"SMARTments"},"image":{"@id":"https:\/\/living.youthments.com\/lv\/#\/schema\/logo\/image\/"},"sameAs":["https:\/\/www.facebook.com\/SMARTmentsRiga\/","https:\/\/www.instagram.com\/smartments.riga\/"]}]}},"_links":{"self":[{"href":"https:\/\/living.youthments.com\/lv\/wp-json\/wp\/v2\/pages\/931"}],"collection":[{"href":"https:\/\/living.youthments.com\/lv\/wp-json\/wp\/v2\/pages"}],"about":[{"href":"https:\/\/living.youthments.com\/lv\/wp-json\/wp\/v2\/types\/page"}],"author":[{"embeddable":true,"href":"https:\/\/living.youthments.com\/lv\/wp-json\/wp\/v2\/users\/1"}],"replies":[{"embeddable":true,"href":"https:\/\/living.youthments.com\/lv\/wp-json\/wp\/v2\/comments?post=931"}],"version-history":[{"count":15,"href":"https:\/\/living.youthments.com\/lv\/wp-json\/wp\/v2\/pages\/931\/revisions"}],"predecessor-version":[{"id":5626,"href":"https:\/\/living.youthments.com\/lv\/wp-json\/wp\/v2\/pages\/931\/revisions\/5626"}],"wp:attachment":[{"href":"https:\/\/living.youthments.com\/lv\/wp-json\/wp\/v2\/media?parent=931"}],"curies":[{"name":"wp","href":"https:\/\/api.w.org\/{rel}","templated":true}]}}