{"id":937,"date":"2020-09-25T03:16:02","date_gmt":"2020-09-25T00:16:02","guid":{"rendered":"https:\/\/smartments.psdev.lv\/reserve\/"},"modified":"2023-04-13T13:32:27","modified_gmt":"2023-04-13T10:32:27","slug":"dzivoklu-ire","status":"publish","type":"page","link":"https:\/\/living.youthments.com\/lv\/dzivoklu-ire\/","title":{"rendered":"Dz\u012bvok\u013ci"},"content":{"rendered":"<p>YouthMents Living pied\u0101v\u0101jum\u0101 ir 39 m\u016bsdien\u012bgi Studio \u012bres dz\u012bvok\u013ci R\u012bg\u0101. \u0160\u012b b\u016bs lieliska izv\u0113le, ja nepiecie\u0161ams dz\u012bvoklis \u012brei uz vienu m\u0113nesi vai ilg\u0101k. Dz\u012bvok\u013ci ir piem\u0113roti vienam vai diviem cilv\u0113kiem. M\u0113s pied\u0101v\u0101jam da\u017e\u0101dus dz\u012bvok\u013cu variantus, no kuriem izv\u0113l\u0113ties. Pied\u0101v\u0101jum\u0101 ir \u010detru tipu Studio dz\u012bvok\u013ci \u2013 Loft, Mansard, Standard, Economy. Visi YouthMents Living dz\u012bvok\u013ci ir priv\u0101ti un tiem ir vannas istaba un virtuves zona. Izv\u0113lies sev piem\u0113rot\u0101ko dz\u012bvokli un veic rezerv\u0101ciju jau t\u016bl\u012bt!<\/p>\n","protected":false},"excerpt":{"rendered":"<p>YouthMents Living pied\u0101v\u0101jum\u0101 ir 39 m\u016bsdien\u012bgi Studio \u012bres dz\u012bvok\u013ci R\u012bg\u0101. \u0160\u012b b\u016bs lieliska izv\u0113le, ja nepiecie\u0161ams dz\u012bvoklis \u012brei uz vienu m\u0113nesi vai ilg\u0101k. Dz\u012bvok\u013ci ir piem\u0113roti vienam vai diviem cilv\u0113kiem. M\u0113s pied\u0101v\u0101jam da\u017e\u0101dus dz\u012bvok\u013cu variantus, no kuriem izv\u0113l\u0113ties. Pied\u0101v\u0101jum\u0101 ir \u010detru tipu Studio dz\u012bvok\u013ci \u2013 Loft, Mansard, Standard, Economy. Visi YouthMents Living dz\u012bvok\u013ci ir priv\u0101ti&#8230;<\/p>\n","protected":false},"author":1,"featured_media":0,"parent":0,"menu_order":0,"comment_status":"closed","ping_status":"closed","template":"reserve.php","meta":{"inline_featured_image":false},"acf":[],"yoast_head":"<!-- This site is optimized with the Yoast SEO plugin v21.8.1 - https:\/\/yoast.com\/wordpress\/plugins\/seo\/ -->\n<title>Dz\u012bvok\u013cu \u012bre R\u012bg\u0101 | Studentu dz\u012bvok\u013ci - YouthMents<\/title>\n<meta name=\"description\" content=\"YouthMents pied\u0101v\u0101jum\u0101 ir 90 m\u016bsdien\u012bgu dz\u012bvok\u013cu \u012bre R\u012bg\u0101. Dz\u012bvok\u013ci piem\u0113roti studentiem un citiem interesentiem. Visu iek\u013caujo\u0161a \u012bres maksa.\" \/>\n<meta name=\"robots\" content=\"index, follow, max-snippet:-1, max-image-preview:large, max-video-preview:-1\" \/>\n<link rel=\"canonical\" href=\"https:\/\/living.youthments.com\/lv\/dzivoklu-ire\/\" \/>\n<meta property=\"og:locale\" content=\"lv_LV\" \/>\n<meta property=\"og:type\" content=\"article\" \/>\n<meta property=\"og:title\" content=\"Dz\u012bvok\u013cu \u012bre R\u012bg\u0101 | Studentu dz\u012bvok\u013ci - YouthMents\" \/>\n<meta property=\"og:description\" content=\"YouthMents pied\u0101v\u0101jum\u0101 ir 90 m\u016bsdien\u012bgu dz\u012bvok\u013cu \u012bre R\u012bg\u0101. Dz\u012bvok\u013ci piem\u0113roti studentiem un citiem interesentiem. Visu iek\u013caujo\u0161a \u012bres maksa.\" \/>\n<meta property=\"og:url\" content=\"https:\/\/living.youthments.com\/lv\/dzivoklu-ire\/\" \/>\n<meta property=\"og:site_name\" content=\"youthments.com\" \/>\n<meta property=\"article:publisher\" content=\"https:\/\/www.facebook.com\/SMARTmentsRiga\/\" \/>\n<meta property=\"article:modified_time\" content=\"2023-04-13T10:32:27+00:00\" \/>\n<meta name=\"twitter:card\" content=\"summary_large_image\" \/>\n<meta name=\"twitter:label1\" content=\"Est. reading time\" \/>\n\t<meta name=\"twitter:data1\" content=\"1 minute\" \/>\n<script type=\"application\/ld+json\" class=\"yoast-schema-graph\">{\"@context\":\"https:\/\/schema.org\",\"@graph\":[{\"@type\":\"WebPage\",\"@id\":\"https:\/\/living.youthments.com\/lv\/dzivoklu-ire\/\",\"url\":\"https:\/\/living.youthments.com\/lv\/dzivoklu-ire\/\",\"name\":\"Dz\u012bvok\u013cu \u012bre R\u012bg\u0101 | Studentu dz\u012bvok\u013ci - YouthMents\",\"isPartOf\":{\"@id\":\"https:\/\/living.youthments.com\/lv\/#website\"},\"datePublished\":\"2020-09-25T00:16:02+00:00\",\"dateModified\":\"2023-04-13T10:32:27+00:00\",\"description\":\"YouthMents pied\u0101v\u0101jum\u0101 ir 90 m\u016bsdien\u012bgu dz\u012bvok\u013cu \u012bre R\u012bg\u0101. Dz\u012bvok\u013ci piem\u0113roti studentiem un citiem interesentiem. Visu iek\u013caujo\u0161a \u012bres maksa.\",\"breadcrumb\":{\"@id\":\"https:\/\/living.youthments.com\/lv\/dzivoklu-ire\/#breadcrumb\"},\"inLanguage\":\"lv-LV\",\"potentialAction\":[{\"@type\":\"ReadAction\",\"target\":[\"https:\/\/living.youthments.com\/lv\/dzivoklu-ire\/\"]}]},{\"@type\":\"BreadcrumbList\",\"@id\":\"https:\/\/living.youthments.com\/lv\/dzivoklu-ire\/#breadcrumb\",\"itemListElement\":[{\"@type\":\"ListItem\",\"position\":1,\"name\":\"Home\",\"item\":\"https:\/\/living.youthments.com\/lv\/\"},{\"@type\":\"ListItem\",\"position\":2,\"name\":\"Dz\u012bvok\u013ci\"}]},{\"@type\":\"WebSite\",\"@id\":\"https:\/\/living.youthments.com\/lv\/#website\",\"url\":\"https:\/\/living.youthments.com\/lv\/\",\"name\":\"youthments.com\",\"description\":\"Student Hotel in Riga\",\"publisher\":{\"@id\":\"https:\/\/living.youthments.com\/lv\/#organization\"},\"potentialAction\":[{\"@type\":\"SearchAction\",\"target\":{\"@type\":\"EntryPoint\",\"urlTemplate\":\"https:\/\/living.youthments.com\/lv\/?s={search_term_string}\"},\"query-input\":\"required name=search_term_string\"}],\"inLanguage\":\"lv-LV\"},{\"@type\":\"Organization\",\"@id\":\"https:\/\/living.youthments.com\/lv\/#organization\",\"name\":\"SMARTments\",\"url\":\"https:\/\/living.youthments.com\/lv\/\",\"logo\":{\"@type\":\"ImageObject\",\"inLanguage\":\"lv-LV\",\"@id\":\"https:\/\/living.youthments.com\/lv\/#\/schema\/logo\/image\/\",\"url\":\"https:\/\/living.youthments.com\/wp-content\/uploads\/2020\/12\/smartments-logo-en-1.png\",\"contentUrl\":\"https:\/\/living.youthments.com\/wp-content\/uploads\/2020\/12\/smartments-logo-en-1.png\",\"width\":1068,\"height\":194,\"caption\":\"SMARTments\"},\"image\":{\"@id\":\"https:\/\/living.youthments.com\/lv\/#\/schema\/logo\/image\/\"},\"sameAs\":[\"https:\/\/www.facebook.com\/SMARTmentsRiga\/\",\"https:\/\/www.instagram.com\/smartments.riga\/\"]}]}<\/script>\n<!-- \/ Yoast SEO plugin. -->","yoast_head_json":{"title":"Dz\u012bvok\u013cu \u012bre R\u012bg\u0101 | Studentu dz\u012bvok\u013ci - YouthMents","description":"YouthMents pied\u0101v\u0101jum\u0101 ir 90 m\u016bsdien\u012bgu dz\u012bvok\u013cu \u012bre R\u012bg\u0101. Dz\u012bvok\u013ci piem\u0113roti studentiem un citiem interesentiem. Visu iek\u013caujo\u0161a \u012bres maksa.","robots":{"index":"index","follow":"follow","max-snippet":"max-snippet:-1","max-image-preview":"max-image-preview:large","max-video-preview":"max-video-preview:-1"},"canonical":"https:\/\/living.youthments.com\/lv\/dzivoklu-ire\/","og_locale":"lv_LV","og_type":"article","og_title":"Dz\u012bvok\u013cu \u012bre R\u012bg\u0101 | Studentu dz\u012bvok\u013ci - YouthMents","og_description":"YouthMents pied\u0101v\u0101jum\u0101 ir 90 m\u016bsdien\u012bgu dz\u012bvok\u013cu \u012bre R\u012bg\u0101. Dz\u012bvok\u013ci piem\u0113roti studentiem un citiem interesentiem. Visu iek\u013caujo\u0161a \u012bres maksa.","og_url":"https:\/\/living.youthments.com\/lv\/dzivoklu-ire\/","og_site_name":"youthments.com","article_publisher":"https:\/\/www.facebook.com\/SMARTmentsRiga\/","article_modified_time":"2023-04-13T10:32:27+00:00","twitter_card":"summary_large_image","twitter_misc":{"Est. reading time":"1 minute"},"schema":{"@context":"https:\/\/schema.org","@graph":[{"@type":"WebPage","@id":"https:\/\/living.youthments.com\/lv\/dzivoklu-ire\/","url":"https:\/\/living.youthments.com\/lv\/dzivoklu-ire\/","name":"Dz\u012bvok\u013cu \u012bre R\u012bg\u0101 | Studentu dz\u012bvok\u013ci - YouthMents","isPartOf":{"@id":"https:\/\/living.youthments.com\/lv\/#website"},"datePublished":"2020-09-25T00:16:02+00:00","dateModified":"2023-04-13T10:32:27+00:00","description":"YouthMents pied\u0101v\u0101jum\u0101 ir 90 m\u016bsdien\u012bgu dz\u012bvok\u013cu \u012bre R\u012bg\u0101. Dz\u012bvok\u013ci piem\u0113roti studentiem un citiem interesentiem. Visu iek\u013caujo\u0161a \u012bres maksa.","breadcrumb":{"@id":"https:\/\/living.youthments.com\/lv\/dzivoklu-ire\/#breadcrumb"},"inLanguage":"lv-LV","potentialAction":[{"@type":"ReadAction","target":["https:\/\/living.youthments.com\/lv\/dzivoklu-ire\/"]}]},{"@type":"BreadcrumbList","@id":"https:\/\/living.youthments.com\/lv\/dzivoklu-ire\/#breadcrumb","itemListElement":[{"@type":"ListItem","position":1,"name":"Home","item":"https:\/\/living.youthments.com\/lv\/"},{"@type":"ListItem","position":2,"name":"Dz\u012bvok\u013ci"}]},{"@type":"WebSite","@id":"https:\/\/living.youthments.com\/lv\/#website","url":"https:\/\/living.youthments.com\/lv\/","name":"youthments.com","description":"Student Hotel in Riga","publisher":{"@id":"https:\/\/living.youthments.com\/lv\/#organization"},"potentialAction":[{"@type":"SearchAction","target":{"@type":"EntryPoint","urlTemplate":"https:\/\/living.youthments.com\/lv\/?s={search_term_string}"},"query-input":"required name=search_term_string"}],"inLanguage":"lv-LV"},{"@type":"Organization","@id":"https:\/\/living.youthments.com\/lv\/#organization","name":"SMARTments","url":"https:\/\/living.youthments.com\/lv\/","logo":{"@type":"ImageObject","inLanguage":"lv-LV","@id":"https:\/\/living.youthments.com\/lv\/#\/schema\/logo\/image\/","url":"https:\/\/living.youthments.com\/wp-content\/uploads\/2020\/12\/smartments-logo-en-1.png","contentUrl":"https:\/\/living.youthments.com\/wp-content\/uploads\/2020\/12\/smartments-logo-en-1.png","width":1068,"height":194,"caption":"SMARTments"},"image":{"@id":"https:\/\/living.youthments.com\/lv\/#\/schema\/logo\/image\/"},"sameAs":["https:\/\/www.facebook.com\/SMARTmentsRiga\/","https:\/\/www.instagram.com\/smartments.riga\/"]}]}},"_links":{"self":[{"href":"https:\/\/living.youthments.com\/lv\/wp-json\/wp\/v2\/pages\/937"}],"collection":[{"href":"https:\/\/living.youthments.com\/lv\/wp-json\/wp\/v2\/pages"}],"about":[{"href":"https:\/\/living.youthments.com\/lv\/wp-json\/wp\/v2\/types\/page"}],"author":[{"embeddable":true,"href":"https:\/\/living.youthments.com\/lv\/wp-json\/wp\/v2\/users\/1"}],"replies":[{"embeddable":true,"href":"https:\/\/living.youthments.com\/lv\/wp-json\/wp\/v2\/comments?post=937"}],"version-history":[{"count":13,"href":"https:\/\/living.youthments.com\/lv\/wp-json\/wp\/v2\/pages\/937\/revisions"}],"predecessor-version":[{"id":4602,"href":"https:\/\/living.youthments.com\/lv\/wp-json\/wp\/v2\/pages\/937\/revisions\/4602"}],"wp:attachment":[{"href":"https:\/\/living.youthments.com\/lv\/wp-json\/wp\/v2\/media?parent=937"}],"curies":[{"name":"wp","href":"https:\/\/api.w.org\/{rel}","templated":true}]}}