{"id":940,"date":"2020-09-25T06:07:45","date_gmt":"2020-09-25T03:07:45","guid":{"rendered":"https:\/\/smartments.psdev.lv\/services\/"},"modified":"2023-04-13T11:31:15","modified_gmt":"2023-04-13T08:31:15","slug":"pakalpojumi","status":"publish","type":"page","link":"https:\/\/living.youthments.com\/lv\/pakalpojumi\/","title":{"rendered":"Pakalpojumi"},"content":{"rendered":"","protected":false},"excerpt":{"rendered":"","protected":false},"author":1,"featured_media":0,"parent":0,"menu_order":0,"comment_status":"closed","ping_status":"closed","template":"services.php","meta":{"inline_featured_image":false},"acf":[],"yoast_head":"<!-- This site is optimized with the Yoast SEO plugin v21.8.1 - https:\/\/yoast.com\/wordpress\/plugins\/seo\/ -->\n<title>Pakalpojumi | Studentu naktsm\u012btnes R\u012bg\u0101 - YouthMents<\/title>\n<meta name=\"description\" content=\"Studentu viesn\u012bcas YouthMents pied\u0101v\u0101jum\u0101 ir lieliski pakalpojumi - ve\u013cas mazg\u0101tava, sporta telpa, atp\u016btas telpa, velosip\u0113du novietne un citi pakalpojumi.\" \/>\n<meta name=\"robots\" content=\"index, follow, max-snippet:-1, max-image-preview:large, max-video-preview:-1\" \/>\n<link rel=\"canonical\" href=\"https:\/\/living.youthments.com\/lv\/pakalpojumi\/\" \/>\n<meta property=\"og:locale\" content=\"lv_LV\" \/>\n<meta property=\"og:type\" content=\"article\" \/>\n<meta property=\"og:title\" content=\"Pakalpojumi | Studentu naktsm\u012btnes R\u012bg\u0101 - YouthMents\" \/>\n<meta property=\"og:description\" content=\"Studentu viesn\u012bcas YouthMents pied\u0101v\u0101jum\u0101 ir lieliski pakalpojumi - ve\u013cas mazg\u0101tava, sporta telpa, atp\u016btas telpa, velosip\u0113du novietne un citi pakalpojumi.\" \/>\n<meta property=\"og:url\" content=\"https:\/\/living.youthments.com\/lv\/pakalpojumi\/\" \/>\n<meta property=\"og:site_name\" content=\"youthments.com\" \/>\n<meta property=\"article:publisher\" content=\"https:\/\/www.facebook.com\/SMARTmentsRiga\/\" \/>\n<meta property=\"article:modified_time\" content=\"2023-04-13T08:31:15+00:00\" \/>\n<meta name=\"twitter:card\" content=\"summary_large_image\" \/>\n<script type=\"application\/ld+json\" class=\"yoast-schema-graph\">{\"@context\":\"https:\/\/schema.org\",\"@graph\":[{\"@type\":\"WebPage\",\"@id\":\"https:\/\/living.youthments.com\/lv\/pakalpojumi\/\",\"url\":\"https:\/\/living.youthments.com\/lv\/pakalpojumi\/\",\"name\":\"Pakalpojumi | Studentu naktsm\u012btnes R\u012bg\u0101 - YouthMents\",\"isPartOf\":{\"@id\":\"https:\/\/living.youthments.com\/lv\/#website\"},\"datePublished\":\"2020-09-25T03:07:45+00:00\",\"dateModified\":\"2023-04-13T08:31:15+00:00\",\"description\":\"Studentu viesn\u012bcas YouthMents pied\u0101v\u0101jum\u0101 ir lieliski pakalpojumi - ve\u013cas mazg\u0101tava, sporta telpa, atp\u016btas telpa, velosip\u0113du novietne un citi pakalpojumi.\",\"breadcrumb\":{\"@id\":\"https:\/\/living.youthments.com\/lv\/pakalpojumi\/#breadcrumb\"},\"inLanguage\":\"lv-LV\",\"potentialAction\":[{\"@type\":\"ReadAction\",\"target\":[\"https:\/\/living.youthments.com\/lv\/pakalpojumi\/\"]}]},{\"@type\":\"BreadcrumbList\",\"@id\":\"https:\/\/living.youthments.com\/lv\/pakalpojumi\/#breadcrumb\",\"itemListElement\":[{\"@type\":\"ListItem\",\"position\":1,\"name\":\"Home\",\"item\":\"https:\/\/living.youthments.com\/lv\/\"},{\"@type\":\"ListItem\",\"position\":2,\"name\":\"Pakalpojumi\"}]},{\"@type\":\"WebSite\",\"@id\":\"https:\/\/living.youthments.com\/lv\/#website\",\"url\":\"https:\/\/living.youthments.com\/lv\/\",\"name\":\"youthments.com\",\"description\":\"Student Hotel in Riga\",\"publisher\":{\"@id\":\"https:\/\/living.youthments.com\/lv\/#organization\"},\"potentialAction\":[{\"@type\":\"SearchAction\",\"target\":{\"@type\":\"EntryPoint\",\"urlTemplate\":\"https:\/\/living.youthments.com\/lv\/?s={search_term_string}\"},\"query-input\":\"required name=search_term_string\"}],\"inLanguage\":\"lv-LV\"},{\"@type\":\"Organization\",\"@id\":\"https:\/\/living.youthments.com\/lv\/#organization\",\"name\":\"SMARTments\",\"url\":\"https:\/\/living.youthments.com\/lv\/\",\"logo\":{\"@type\":\"ImageObject\",\"inLanguage\":\"lv-LV\",\"@id\":\"https:\/\/living.youthments.com\/lv\/#\/schema\/logo\/image\/\",\"url\":\"https:\/\/living.youthments.com\/wp-content\/uploads\/2020\/12\/smartments-logo-en-1.png\",\"contentUrl\":\"https:\/\/living.youthments.com\/wp-content\/uploads\/2020\/12\/smartments-logo-en-1.png\",\"width\":1068,\"height\":194,\"caption\":\"SMARTments\"},\"image\":{\"@id\":\"https:\/\/living.youthments.com\/lv\/#\/schema\/logo\/image\/\"},\"sameAs\":[\"https:\/\/www.facebook.com\/SMARTmentsRiga\/\",\"https:\/\/www.instagram.com\/smartments.riga\/\"]}]}<\/script>\n<!-- \/ Yoast SEO plugin. -->","yoast_head_json":{"title":"Pakalpojumi | Studentu naktsm\u012btnes R\u012bg\u0101 - YouthMents","description":"Studentu viesn\u012bcas YouthMents pied\u0101v\u0101jum\u0101 ir lieliski pakalpojumi - ve\u013cas mazg\u0101tava, sporta telpa, atp\u016btas telpa, velosip\u0113du novietne un citi pakalpojumi.","robots":{"index":"index","follow":"follow","max-snippet":"max-snippet:-1","max-image-preview":"max-image-preview:large","max-video-preview":"max-video-preview:-1"},"canonical":"https:\/\/living.youthments.com\/lv\/pakalpojumi\/","og_locale":"lv_LV","og_type":"article","og_title":"Pakalpojumi | Studentu naktsm\u012btnes R\u012bg\u0101 - YouthMents","og_description":"Studentu viesn\u012bcas YouthMents pied\u0101v\u0101jum\u0101 ir lieliski pakalpojumi - ve\u013cas mazg\u0101tava, sporta telpa, atp\u016btas telpa, velosip\u0113du novietne un citi pakalpojumi.","og_url":"https:\/\/living.youthments.com\/lv\/pakalpojumi\/","og_site_name":"youthments.com","article_publisher":"https:\/\/www.facebook.com\/SMARTmentsRiga\/","article_modified_time":"2023-04-13T08:31:15+00:00","twitter_card":"summary_large_image","schema":{"@context":"https:\/\/schema.org","@graph":[{"@type":"WebPage","@id":"https:\/\/living.youthments.com\/lv\/pakalpojumi\/","url":"https:\/\/living.youthments.com\/lv\/pakalpojumi\/","name":"Pakalpojumi | Studentu naktsm\u012btnes R\u012bg\u0101 - YouthMents","isPartOf":{"@id":"https:\/\/living.youthments.com\/lv\/#website"},"datePublished":"2020-09-25T03:07:45+00:00","dateModified":"2023-04-13T08:31:15+00:00","description":"Studentu viesn\u012bcas YouthMents pied\u0101v\u0101jum\u0101 ir lieliski pakalpojumi - ve\u013cas mazg\u0101tava, sporta telpa, atp\u016btas telpa, velosip\u0113du novietne un citi pakalpojumi.","breadcrumb":{"@id":"https:\/\/living.youthments.com\/lv\/pakalpojumi\/#breadcrumb"},"inLanguage":"lv-LV","potentialAction":[{"@type":"ReadAction","target":["https:\/\/living.youthments.com\/lv\/pakalpojumi\/"]}]},{"@type":"BreadcrumbList","@id":"https:\/\/living.youthments.com\/lv\/pakalpojumi\/#breadcrumb","itemListElement":[{"@type":"ListItem","position":1,"name":"Home","item":"https:\/\/living.youthments.com\/lv\/"},{"@type":"ListItem","position":2,"name":"Pakalpojumi"}]},{"@type":"WebSite","@id":"https:\/\/living.youthments.com\/lv\/#website","url":"https:\/\/living.youthments.com\/lv\/","name":"youthments.com","description":"Student Hotel in Riga","publisher":{"@id":"https:\/\/living.youthments.com\/lv\/#organization"},"potentialAction":[{"@type":"SearchAction","target":{"@type":"EntryPoint","urlTemplate":"https:\/\/living.youthments.com\/lv\/?s={search_term_string}"},"query-input":"required name=search_term_string"}],"inLanguage":"lv-LV"},{"@type":"Organization","@id":"https:\/\/living.youthments.com\/lv\/#organization","name":"SMARTments","url":"https:\/\/living.youthments.com\/lv\/","logo":{"@type":"ImageObject","inLanguage":"lv-LV","@id":"https:\/\/living.youthments.com\/lv\/#\/schema\/logo\/image\/","url":"https:\/\/living.youthments.com\/wp-content\/uploads\/2020\/12\/smartments-logo-en-1.png","contentUrl":"https:\/\/living.youthments.com\/wp-content\/uploads\/2020\/12\/smartments-logo-en-1.png","width":1068,"height":194,"caption":"SMARTments"},"image":{"@id":"https:\/\/living.youthments.com\/lv\/#\/schema\/logo\/image\/"},"sameAs":["https:\/\/www.facebook.com\/SMARTmentsRiga\/","https:\/\/www.instagram.com\/smartments.riga\/"]}]}},"_links":{"self":[{"href":"https:\/\/living.youthments.com\/lv\/wp-json\/wp\/v2\/pages\/940"}],"collection":[{"href":"https:\/\/living.youthments.com\/lv\/wp-json\/wp\/v2\/pages"}],"about":[{"href":"https:\/\/living.youthments.com\/lv\/wp-json\/wp\/v2\/types\/page"}],"author":[{"embeddable":true,"href":"https:\/\/living.youthments.com\/lv\/wp-json\/wp\/v2\/users\/1"}],"replies":[{"embeddable":true,"href":"https:\/\/living.youthments.com\/lv\/wp-json\/wp\/v2\/comments?post=940"}],"version-history":[{"count":3,"href":"https:\/\/living.youthments.com\/lv\/wp-json\/wp\/v2\/pages\/940\/revisions"}],"predecessor-version":[{"id":1439,"href":"https:\/\/living.youthments.com\/lv\/wp-json\/wp\/v2\/pages\/940\/revisions\/1439"}],"wp:attachment":[{"href":"https:\/\/living.youthments.com\/lv\/wp-json\/wp\/v2\/media?parent=940"}],"curies":[{"name":"wp","href":"https:\/\/api.w.org\/{rel}","templated":true}]}}